{"id":464426,"date":"2025-06-01T00:36:24","date_gmt":"2025-05-31T22:36:24","guid":{"rendered":"https:\/\/lucacastelli.com\/prodotto\/fr-410-c-e\/"},"modified":"2026-04-15T11:43:37","modified_gmt":"2026-04-15T09:43:37","slug":"fr-410-c-e","status":"publish","type":"product","link":"https:\/\/lucacastelli.com\/de\/produkt\/fr-410-c-e\/","title":{"rendered":"STIHL FR 410 C-E"},"content":{"rendered":"<p>R\u00fcckentragbarer Freischneider mit 2-MIX-Motor. Erf\u00fcllt die EU-II-Abgasnormen. Optimal f\u00fcr den Einsatz in Hanglagen und steilem Gel\u00e4nde. Integrierte Werkzeugtasche. Ideal auch f\u00fcr anspruchsvolle Reinigungsarbeiten.<br \/>\n886661592746    <\/p>\n<p>Hubraum 41,6<br \/>\nLeistung Leistung<\/p>\n<p>Leistung Leistung<br \/>\nLeistung 2,70<br \/>\nCO2 856<\/p>\n","protected":false},"excerpt":{"rendered":"<p>FR 410 C-E<\/p>\n","protected":false},"featured_media":430378,"template":"","meta":{"_seopress_robots_primary_cat":"none","_seopress_titles_title":"","_seopress_titles_desc":"","_seopress_robots_index":""},"product_brand":[3554],"product_cat":[169,1581,1610],"product_tag":[3266],"class_list":{"0":"post-464426","1":"product","2":"type-product","3":"status-publish","4":"has-post-thumbnail","6":"product_brand-stihl-de","7":"product_cat-maschinen","8":"product_cat-freischneider-und-trimmer","9":"product_cat-motorsensen-und-trimmer","10":"product_tag-import-stihl-de","11":"sws-gruppo-macchinari-de","12":"sws-conto-ricavi-merci-rivendita-macchinari-de","13":"sws-gruppo-iva-iva81-de","15":"first","16":"onbackorder","17":"sale","18":"purchasable","19":"product-type-simple"},"_links":{"self":[{"href":"https:\/\/lucacastelli.com\/de\/wp-json\/wp\/v2\/product\/464426","targetHints":{"allow":["GET"]}}],"collection":[{"href":"https:\/\/lucacastelli.com\/de\/wp-json\/wp\/v2\/product"}],"about":[{"href":"https:\/\/lucacastelli.com\/de\/wp-json\/wp\/v2\/types\/product"}],"wp:featuredmedia":[{"embeddable":true,"href":"https:\/\/lucacastelli.com\/de\/wp-json\/wp\/v2\/media\/430378"}],"wp:attachment":[{"href":"https:\/\/lucacastelli.com\/de\/wp-json\/wp\/v2\/media?parent=464426"}],"wp:term":[{"taxonomy":"product_brand","embeddable":true,"href":"https:\/\/lucacastelli.com\/de\/wp-json\/wp\/v2\/product_brand?post=464426"},{"taxonomy":"product_cat","embeddable":true,"href":"https:\/\/lucacastelli.com\/de\/wp-json\/wp\/v2\/product_cat?post=464426"},{"taxonomy":"product_tag","embeddable":true,"href":"https:\/\/lucacastelli.com\/de\/wp-json\/wp\/v2\/product_tag?post=464426"}],"curies":[{"name":"wp","href":"https:\/\/api.w.org\/{rel}","templated":true}]}}