{"id":464416,"date":"2025-06-01T00:34:45","date_gmt":"2025-05-31T22:34:45","guid":{"rendered":"https:\/\/lucacastelli.com\/prodotto\/advance-schultergurt-fuer-die-forstwirtschaft-standardgroesse\/"},"modified":"2025-06-28T20:12:52","modified_gmt":"2025-06-28T18:12:52","slug":"advance-schultergurt-fuer-die-forstwirtschaft-standardgroesse","status":"publish","type":"product","link":"https:\/\/lucacastelli.com\/de\/produkt\/advance-schultergurt-fuer-die-forstwirtschaft-standardgroesse\/","title":{"rendered":"STIHL ADVANCE Schultergurt f\u00fcr die Forstwirtschaft, Standardgr\u00f6\u00dfe"},"content":{"rendered":"<p>Er erm\u00f6glicht eine hohe Bewegungsfreiheit durch eine h\u00e4ngende Beinfl\u00e4che. Besonders ergonomisch und komfortabel f\u00fcr den Einsatz in der Forstwirtschaft mit Kreiss\u00e4gen. Sehr leicht. Auch mit einem Rucksack f\u00fcr Werkzeug erh\u00e4ltlich. F\u00fcr FS 100 &#8211; FS 560.<br \/>\n795711424541    <\/p>\n","protected":false},"excerpt":{"rendered":"<p>ADVANCE Schultergurt f\u00fcr die Forstwirtschaft, Standardgr\u00f6\u00dfe<\/p>\n","protected":false},"featured_media":430330,"template":"","meta":{"_seopress_robots_primary_cat":"","_seopress_titles_title":"","_seopress_titles_desc":"","_seopress_robots_index":""},"product_brand":[3366],"product_cat":[186,29,270],"product_tag":[3265],"class_list":{"0":"post-464416","1":"product","2":"type-product","3":"status-publish","4":"has-post-thumbnail","6":"product_brand-stihl","7":"product_cat-accessori-per-labbigliamento","8":"product_cat-macchinari","9":"product_cat-decespugliatori-e-tagliabordi","10":"product_tag-import-stihl","11":"sws-gruppo-macchinari-de","12":"sws-conto-ricavi-merci-rivendita-macchinari-de","13":"sws-gruppo-iva-iva81-de","15":"first","16":"onbackorder","17":"purchasable","18":"product-type-simple"},"_links":{"self":[{"href":"https:\/\/lucacastelli.com\/de\/wp-json\/wp\/v2\/product\/464416","targetHints":{"allow":["GET"]}}],"collection":[{"href":"https:\/\/lucacastelli.com\/de\/wp-json\/wp\/v2\/product"}],"about":[{"href":"https:\/\/lucacastelli.com\/de\/wp-json\/wp\/v2\/types\/product"}],"wp:featuredmedia":[{"embeddable":true,"href":"https:\/\/lucacastelli.com\/de\/wp-json\/wp\/v2\/media\/430330"}],"wp:attachment":[{"href":"https:\/\/lucacastelli.com\/de\/wp-json\/wp\/v2\/media?parent=464416"}],"wp:term":[{"taxonomy":"product_brand","embeddable":true,"href":"https:\/\/lucacastelli.com\/de\/wp-json\/wp\/v2\/product_brand?post=464416"},{"taxonomy":"product_cat","embeddable":true,"href":"https:\/\/lucacastelli.com\/de\/wp-json\/wp\/v2\/product_cat?post=464416"},{"taxonomy":"product_tag","embeddable":true,"href":"https:\/\/lucacastelli.com\/de\/wp-json\/wp\/v2\/product_tag?post=464416"}],"curies":[{"name":"wp","href":"https:\/\/api.w.org\/{rel}","templated":true}]}}