{"id":464413,"date":"2025-05-31T21:54:42","date_gmt":"2025-05-31T19:54:42","guid":{"rendered":"https:\/\/lucacastelli.com\/prodotto\/fs-260-r\/"},"modified":"2025-06-29T13:42:56","modified_gmt":"2025-06-29T11:42:56","slug":"fs-260-r","status":"publish","type":"product","link":"https:\/\/lucacastelli.com\/de\/produkt\/fs-260-r\/","title":{"rendered":"STIHL FS 260 R"},"content":{"rendered":"<p>F\u00fcr anspruchsvolle M\u00e4h- und Fl\u00e4chenschneidarbeiten. STIHL 1-Punkt-Schwingungsd\u00e4mpfer, Multifunktionsgriff, Rundgriff, 2-MIX-Motor.<br \/>\n886661991907 <\/p>\n<p>Hubraum 41,6<br \/>\nLeistung Leistung<\/p>\n<p>Leistung Leistung<br \/>\nLeistung 2,70<br \/>\nCO2 856<\/p>\n","protected":false},"excerpt":{"rendered":"<p>F\u00fcr anspruchsvolle M\u00e4h- und Fl\u00e4chenschneidarbeiten. STIHL 1-Punkt-Schwingungsd\u00e4mpfer, Multifunktionsgriff, Rundgriff, 2-MIX-Motor. 886661991907 Hubraum 41,6 Leistung Leistung Leistung Leistung Leistung 2,70 CO2<\/p>\n","protected":false},"featured_media":424438,"template":"","meta":{"_seopress_robots_primary_cat":"","_seopress_titles_title":"","_seopress_titles_desc":"","_seopress_robots_index":""},"product_brand":[3554],"product_cat":[169,1581,1610],"product_tag":[3266],"class_list":{"0":"post-464413","1":"product","2":"type-product","3":"status-publish","4":"has-post-thumbnail","6":"product_brand-stihl-de","7":"product_cat-maschinen","8":"product_cat-freischneider-und-trimmer","9":"product_cat-motorsensen-und-trimmer","10":"product_tag-import-stihl-de","11":"sws-gruppo-macchinari-de","12":"sws-conto-ricavi-merci-rivendita-macchinari-de","13":"sws-gruppo-iva-iva81-de","15":"first","16":"onbackorder","17":"purchasable","18":"product-type-simple"},"_links":{"self":[{"href":"https:\/\/lucacastelli.com\/de\/wp-json\/wp\/v2\/product\/464413","targetHints":{"allow":["GET"]}}],"collection":[{"href":"https:\/\/lucacastelli.com\/de\/wp-json\/wp\/v2\/product"}],"about":[{"href":"https:\/\/lucacastelli.com\/de\/wp-json\/wp\/v2\/types\/product"}],"wp:featuredmedia":[{"embeddable":true,"href":"https:\/\/lucacastelli.com\/de\/wp-json\/wp\/v2\/media\/424438"}],"wp:attachment":[{"href":"https:\/\/lucacastelli.com\/de\/wp-json\/wp\/v2\/media?parent=464413"}],"wp:term":[{"taxonomy":"product_brand","embeddable":true,"href":"https:\/\/lucacastelli.com\/de\/wp-json\/wp\/v2\/product_brand?post=464413"},{"taxonomy":"product_cat","embeddable":true,"href":"https:\/\/lucacastelli.com\/de\/wp-json\/wp\/v2\/product_cat?post=464413"},{"taxonomy":"product_tag","embeddable":true,"href":"https:\/\/lucacastelli.com\/de\/wp-json\/wp\/v2\/product_tag?post=464413"}],"curies":[{"name":"wp","href":"https:\/\/api.w.org\/{rel}","templated":true}]}}