{"id":464411,"date":"2025-05-31T21:56:28","date_gmt":"2025-05-31T19:56:28","guid":{"rendered":"https:\/\/lucacastelli.com\/prodotto\/fsa-30-ohne-akku-und-ohne-ladegeraet\/"},"modified":"2025-10-09T18:22:53","modified_gmt":"2025-10-09T16:22:53","slug":"fsa-30-ohne-akku-und-ohne-ladegeraet","status":"publish","type":"product","link":"https:\/\/lucacastelli.com\/de\/produkt\/fsa-30-ohne-akku-und-ohne-ladegeraet\/","title":{"rendered":"STIHL FSA 30, ohne Akku und ohne Ladeger\u00e4t"},"content":{"rendered":"<p>Akku-Trimmer aus dem AS-System f\u00fcr einfache Finish- und Reinigungsarbeiten rund ums Haus. Kompaktes Design, mit Ladezustandsanzeige, Teleskopstange und verstellbarem Kopfb\u00fcgelgriff ohne den Einsatz von Werkzeugen. Klappbare Distanzs\u00e4ge, einstellbarer Arbeitswinkel der Schneideinheit, zus\u00e4tzlicher M\u00e4hkopf, der f\u00fcr vertikale Winkelschnitte bis zu 90\u00b0 schwenkbar ist. Einfacher Austausch zwischen dem PolyCut 3-2 und dem optionalen kabelgebundenen M\u00e4hkopf, bis zu 6 Ersatzmesser k\u00f6nnen direkt auf dem Ger\u00e4t transportiert werden.\/p<br \/>\n886661676644<\/p>\n<p>Nennspannung 11<br \/>\nStromverbrauch<\/p>\n<p>Stromverbrauch Leistung Leistung<br \/>\nBatteriesystem AS<br \/>\nEmpfohlener Akku AS 2<\/p>\n","protected":false},"excerpt":{"rendered":"<p>Akku-Trimmer aus dem AS-System f\u00fcr einfache Finish- und Reinigungsarbeiten rund ums Haus. Kompaktes Design, mit Ladezustandsanzeige, Teleskopstange und verstellbarem Kopfb\u00fcgelgriff<\/p>\n","protected":false},"featured_media":424583,"template":"","meta":{"_seopress_robots_primary_cat":"","_seopress_titles_title":"","_seopress_titles_desc":"","_seopress_robots_index":""},"product_brand":[3554],"product_cat":[1609,1581,169],"product_tag":[3266],"class_list":{"0":"post-464411","1":"product","2":"type-product","3":"status-publish","4":"has-post-thumbnail","6":"product_brand-stihl-de","7":"product_cat-akkubetriebene-freischneider-und-trimmer","8":"product_cat-freischneider-und-trimmer","9":"product_cat-maschinen","10":"product_tag-import-stihl-de","11":"sws-gruppo-macchinari","12":"sws-conto-ricavi-merci-rivendita-macchinari","13":"sws-gruppo-iva-iva81","15":"first","16":"onbackorder","17":"purchasable","18":"product-type-simple"},"_links":{"self":[{"href":"https:\/\/lucacastelli.com\/de\/wp-json\/wp\/v2\/product\/464411","targetHints":{"allow":["GET"]}}],"collection":[{"href":"https:\/\/lucacastelli.com\/de\/wp-json\/wp\/v2\/product"}],"about":[{"href":"https:\/\/lucacastelli.com\/de\/wp-json\/wp\/v2\/types\/product"}],"wp:featuredmedia":[{"embeddable":true,"href":"https:\/\/lucacastelli.com\/de\/wp-json\/wp\/v2\/media\/424583"}],"wp:attachment":[{"href":"https:\/\/lucacastelli.com\/de\/wp-json\/wp\/v2\/media?parent=464411"}],"wp:term":[{"taxonomy":"product_brand","embeddable":true,"href":"https:\/\/lucacastelli.com\/de\/wp-json\/wp\/v2\/product_brand?post=464411"},{"taxonomy":"product_cat","embeddable":true,"href":"https:\/\/lucacastelli.com\/de\/wp-json\/wp\/v2\/product_cat?post=464411"},{"taxonomy":"product_tag","embeddable":true,"href":"https:\/\/lucacastelli.com\/de\/wp-json\/wp\/v2\/product_tag?post=464411"}],"curies":[{"name":"wp","href":"https:\/\/api.w.org\/{rel}","templated":true}]}}