{"id":464409,"date":"2025-05-31T21:55:28","date_gmt":"2025-05-31T19:55:28","guid":{"rendered":"https:\/\/lucacastelli.com\/prodotto\/fsa-200-r-ohne-akku-und-ladegeraet\/"},"modified":"2026-04-06T17:01:09","modified_gmt":"2026-04-06T15:01:09","slug":"fsa-200-r-ohne-akku-und-ladegeraet","status":"publish","type":"product","link":"https:\/\/lucacastelli.com\/de\/produkt\/fsa-200-r-ohne-akku-und-ladegeraet\/","title":{"rendered":"STIHL FSA 200 R, ohne Akku und Ladeger\u00e4t"},"content":{"rendered":"<p>Mit der Akku-Motorsense STIHL FSA 200 R haben Sie die ideale Unterst\u00fctzung f\u00fcr die Garten- und Landschaftspflege oder die Arbeit in kommunalen Betrieben. Der Rundstiel erm\u00f6glicht eine hohe Flexibilit\u00e4t beim M\u00e4hen in Hanglagen oder unebenem Gel\u00e4nde. Die kompakte Bauweise sorgt zudem f\u00fcr ein hohes Ma\u00df an Bewegungsfreiheit zwischen B\u00e4umen und Str\u00e4uchern und an anderen engen Stellen. Die geringe Ger\u00e4uschemission STIHL FSA 200 R erm\u00f6glicht auch das Arbeiten in l\u00e4rmsensiblen Bereichen.\/p<br \/>\n886661797677<\/p>\n<p>Nennspannung 36<br \/>\nLeistungsaufnahme Stromverbrauch<\/p>\n<p>Power Power AP<br \/>\nBatteriesystem Empfohlene<br \/>\nBatterie AP 500 S<\/p>\n","protected":false},"excerpt":{"rendered":"<p>Mit der Akku-Motorsense STIHL FSA 200 R haben Sie die ideale Unterst\u00fctzung f\u00fcr die Garten- und Landschaftspflege oder die Arbeit<\/p>\n","protected":false},"featured_media":424501,"template":"","meta":{"_seopress_robots_primary_cat":"","_seopress_titles_title":"","_seopress_titles_desc":"","_seopress_robots_index":""},"product_brand":[3554],"product_cat":[1609,1581,169],"product_tag":[3266],"class_list":{"0":"post-464409","1":"product","2":"type-product","3":"status-publish","4":"has-post-thumbnail","6":"product_brand-stihl-de","7":"product_cat-akkubetriebene-freischneider-und-trimmer","8":"product_cat-freischneider-und-trimmer","9":"product_cat-maschinen","10":"product_tag-import-stihl-de","11":"sws-gruppo-macchinari","12":"sws-conto-ricavi-merci-rivendita-macchinari","13":"sws-gruppo-iva-iva81","15":"first","16":"onbackorder","17":"purchasable","18":"product-type-simple"},"_links":{"self":[{"href":"https:\/\/lucacastelli.com\/de\/wp-json\/wp\/v2\/product\/464409","targetHints":{"allow":["GET"]}}],"collection":[{"href":"https:\/\/lucacastelli.com\/de\/wp-json\/wp\/v2\/product"}],"about":[{"href":"https:\/\/lucacastelli.com\/de\/wp-json\/wp\/v2\/types\/product"}],"wp:featuredmedia":[{"embeddable":true,"href":"https:\/\/lucacastelli.com\/de\/wp-json\/wp\/v2\/media\/424501"}],"wp:attachment":[{"href":"https:\/\/lucacastelli.com\/de\/wp-json\/wp\/v2\/media?parent=464409"}],"wp:term":[{"taxonomy":"product_brand","embeddable":true,"href":"https:\/\/lucacastelli.com\/de\/wp-json\/wp\/v2\/product_brand?post=464409"},{"taxonomy":"product_cat","embeddable":true,"href":"https:\/\/lucacastelli.com\/de\/wp-json\/wp\/v2\/product_cat?post=464409"},{"taxonomy":"product_tag","embeddable":true,"href":"https:\/\/lucacastelli.com\/de\/wp-json\/wp\/v2\/product_tag?post=464409"}],"curies":[{"name":"wp","href":"https:\/\/api.w.org\/{rel}","templated":true}]}}