{"id":464404,"date":"2025-05-31T21:56:08","date_gmt":"2025-05-31T19:56:08","guid":{"rendered":"https:\/\/lucacastelli.com\/prodotto\/polycut-18-2\/"},"modified":"2026-03-02T14:42:37","modified_gmt":"2026-03-02T13:42:37","slug":"polycut-18-2","status":"publish","type":"product","link":"https:\/\/lucacastelli.com\/de\/produkt\/polycut-18-2\/","title":{"rendered":"STIHL PolyCut 18-2"},"content":{"rendered":"<p>pM\u00e4hkopf PolyCut. Universelles Werkzeug f\u00fcr Ausputz- und Fl\u00e4chenarbeiten. Mit 2&nbsp;beweglichen Kunststoffmessern.\/p<br \/>\n886661825127<\/p>\n","protected":false},"excerpt":{"rendered":"<p>pM\u00e4hkopf PolyCut. Universelles Werkzeug f\u00fcr Ausputz- und Fl\u00e4chenarbeiten. Mit 2&nbsp;beweglichen Kunststoffmessern.\/p 886661825127<\/p>\n","protected":false},"featured_media":424546,"template":"","meta":{"_seopress_robots_primary_cat":"none","_seopress_titles_title":"","_seopress_titles_desc":"","_seopress_robots_index":""},"product_brand":[3366],"product_cat":[29,270,271],"product_tag":[3265],"class_list":{"0":"post-464404","1":"product","2":"type-product","3":"status-publish","4":"has-post-thumbnail","6":"product_brand-stihl","7":"product_cat-macchinari","8":"product_cat-decespugliatori-e-tagliabordi","9":"product_cat-accessori-e-materiale-di-consumo-decespugliatori-e-tagliabordi","10":"product_tag-import-stihl","11":"sws-gruppo-macchinari-de","12":"sws-conto-ricavi-merci-rivendita-macchinari-de","13":"sws-gruppo-iva-iva81-de","15":"first","16":"onbackorder","17":"purchasable","18":"product-type-simple"},"_links":{"self":[{"href":"https:\/\/lucacastelli.com\/de\/wp-json\/wp\/v2\/product\/464404","targetHints":{"allow":["GET"]}}],"collection":[{"href":"https:\/\/lucacastelli.com\/de\/wp-json\/wp\/v2\/product"}],"about":[{"href":"https:\/\/lucacastelli.com\/de\/wp-json\/wp\/v2\/types\/product"}],"wp:featuredmedia":[{"embeddable":true,"href":"https:\/\/lucacastelli.com\/de\/wp-json\/wp\/v2\/media\/424546"}],"wp:attachment":[{"href":"https:\/\/lucacastelli.com\/de\/wp-json\/wp\/v2\/media?parent=464404"}],"wp:term":[{"taxonomy":"product_brand","embeddable":true,"href":"https:\/\/lucacastelli.com\/de\/wp-json\/wp\/v2\/product_brand?post=464404"},{"taxonomy":"product_cat","embeddable":true,"href":"https:\/\/lucacastelli.com\/de\/wp-json\/wp\/v2\/product_cat?post=464404"},{"taxonomy":"product_tag","embeddable":true,"href":"https:\/\/lucacastelli.com\/de\/wp-json\/wp\/v2\/product_tag?post=464404"}],"curies":[{"name":"wp","href":"https:\/\/api.w.org\/{rel}","templated":true}]}}