{"id":464401,"date":"2025-05-31T21:56:29","date_gmt":"2025-05-31T19:56:29","guid":{"rendered":"https:\/\/lucacastelli.com\/prodotto\/fsa-30-mit-as-2-und-al-1\/"},"modified":"2025-10-09T12:20:06","modified_gmt":"2025-10-09T10:20:06","slug":"fsa-30-mit-as-2-und-al-1","status":"publish","type":"product","link":"https:\/\/lucacastelli.com\/de\/produkt\/fsa-30-mit-as-2-und-al-1\/","title":{"rendered":"STIHL FSA 30, mit AS 2 und AL 1"},"content":{"rendered":"<p>Akku-Trimmer aus dem AS-System f\u00fcr einfache Finish- und Reinigungsarbeiten rund ums Haus. Kompaktes Design, austauschbarer AS 2 Lithium-Ionen-Akku (28 Wh) mit Ladezustandsanzeige, Teleskopstange und verstellbarem Kopfb\u00fcgelgriff ohne Werkzeug. Klappbare Distanzs\u00e4ge, einstellbarer Arbeitswinkel der Schneideinheit, zus\u00e4tzlicher M\u00e4hkopf, der f\u00fcr vertikale Winkelschnitte bis zu 90\u00b0 schwenkbar ist. Einfacher Austausch zwischen dem PolyCut 3-2 und dem optionalen kabelgebundenen M\u00e4hkopf, bis zu 6 Ersatzmesser k\u00f6nnen direkt auf dem Ger\u00e4t transportiert werden.\/p<br \/>\n795711708481<\/p>\n<p>Nennspannung 11<br \/>\nStromverbrauch<\/p>\n<p>Stromverbrauch Leistung Leistung<br \/>\nBatteriesystem AS<br \/>\nEmpfohlener Akku AS 2<\/p>\n","protected":false},"excerpt":{"rendered":"<p>Akku-Trimmer aus dem AS-System f\u00fcr einfache Finish- und Reinigungsarbeiten rund ums Haus. Kompaktes Design, austauschbarer AS 2 Lithium-Ionen-Akku (28 Wh)<\/p>\n","protected":false},"featured_media":424595,"template":"","meta":{"_seopress_robots_primary_cat":"","_seopress_titles_title":"","_seopress_titles_desc":"","_seopress_robots_index":""},"product_brand":[3554],"product_cat":[1609,1581,169],"product_tag":[3266],"class_list":{"0":"post-464401","1":"product","2":"type-product","3":"status-publish","4":"has-post-thumbnail","6":"product_brand-stihl-de","7":"product_cat-akkubetriebene-freischneider-und-trimmer","8":"product_cat-freischneider-und-trimmer","9":"product_cat-maschinen","10":"product_tag-import-stihl-de","11":"sws-gruppo-macchinari-de","12":"sws-conto-ricavi-merci-rivendita-macchinari-de","13":"sws-gruppo-iva-iva81-de","15":"first","16":"onbackorder","17":"purchasable","18":"product-type-simple"},"_links":{"self":[{"href":"https:\/\/lucacastelli.com\/de\/wp-json\/wp\/v2\/product\/464401","targetHints":{"allow":["GET"]}}],"collection":[{"href":"https:\/\/lucacastelli.com\/de\/wp-json\/wp\/v2\/product"}],"about":[{"href":"https:\/\/lucacastelli.com\/de\/wp-json\/wp\/v2\/types\/product"}],"wp:featuredmedia":[{"embeddable":true,"href":"https:\/\/lucacastelli.com\/de\/wp-json\/wp\/v2\/media\/424595"}],"wp:attachment":[{"href":"https:\/\/lucacastelli.com\/de\/wp-json\/wp\/v2\/media?parent=464401"}],"wp:term":[{"taxonomy":"product_brand","embeddable":true,"href":"https:\/\/lucacastelli.com\/de\/wp-json\/wp\/v2\/product_brand?post=464401"},{"taxonomy":"product_cat","embeddable":true,"href":"https:\/\/lucacastelli.com\/de\/wp-json\/wp\/v2\/product_cat?post=464401"},{"taxonomy":"product_tag","embeddable":true,"href":"https:\/\/lucacastelli.com\/de\/wp-json\/wp\/v2\/product_tag?post=464401"}],"curies":[{"name":"wp","href":"https:\/\/api.w.org\/{rel}","templated":true}]}}