{"id":464391,"date":"2025-05-31T22:02:57","date_gmt":"2025-05-31T20:02:57","guid":{"rendered":"https:\/\/lucacastelli.com\/prodotto\/fsa-400-ohne-akku-und-ladegeraet\/"},"modified":"2025-10-28T12:28:44","modified_gmt":"2025-10-28T11:28:44","slug":"fsa-400-ohne-akku-und-ladegeraet","status":"publish","type":"product","link":"https:\/\/lucacastelli.com\/de\/produkt\/fsa-400-ohne-akku-und-ladegeraet\/","title":{"rendered":"STIHL FSA 400, ohne Akku und Ladeger\u00e4t"},"content":{"rendered":"<p>Robuster, leiser und sehr leistungsstarker Akku-Freischneider f\u00fcr Garten- und Landschaftsbauer, Kommunen und Forstwirtschaft. Gro\u00dfe Auswahl an M\u00e4hk\u00f6pfen und Metallschneidwerkzeugen. Schnittumfangsdurchmesser mit M\u00e4hkopf: 520 mm. Ergonomischer Lenkergriff, der ohne Werkzeug verstellt werden kann, Einhand-Multifunktionsgriff mit Geschwindigkeitsregler und LED-Anzeige. STIHL Anti-Vibrations-System. Vorbereitung f\u00fcr STIHL Smart Connector 2 A.\/p<br \/>\n886661438488<\/p>\n<p>Nennspannung 36<br \/>\nStromverbrauch<\/p>\n<p>Power Power<br \/>\nSystem AP<br \/>\nBatteriesystem Empfohlene Batterie AP 500 S<\/p>\n","protected":false},"excerpt":{"rendered":"<p>Robuster, leiser und sehr leistungsstarker Akku-Freischneider f\u00fcr Garten- und Landschaftsbauer, Kommunen und Forstwirtschaft. Gro\u00dfe Auswahl an M\u00e4hk\u00f6pfen und Metallschneidwerkzeugen. Schnittumfangsdurchmesser<\/p>\n","protected":false},"featured_media":436605,"template":"","meta":{"_seopress_robots_primary_cat":"","_seopress_titles_title":"","_seopress_titles_desc":"","_seopress_robots_index":""},"product_brand":[3366],"product_cat":[29,270,281],"product_tag":[3265],"class_list":{"0":"post-464391","1":"product","2":"type-product","3":"status-publish","4":"has-post-thumbnail","6":"product_brand-stihl","7":"product_cat-macchinari","8":"product_cat-decespugliatori-e-tagliabordi","9":"product_cat-decespugliatori-e-tagliabordi-a-batteria","10":"product_tag-import-stihl","11":"sws-gruppo-macchinari-de","12":"sws-conto-ricavi-merci-rivendita-macchinari-de","13":"sws-gruppo-iva-iva81-de","15":"first","16":"onbackorder","17":"purchasable","18":"product-type-simple"},"_links":{"self":[{"href":"https:\/\/lucacastelli.com\/de\/wp-json\/wp\/v2\/product\/464391","targetHints":{"allow":["GET"]}}],"collection":[{"href":"https:\/\/lucacastelli.com\/de\/wp-json\/wp\/v2\/product"}],"about":[{"href":"https:\/\/lucacastelli.com\/de\/wp-json\/wp\/v2\/types\/product"}],"wp:featuredmedia":[{"embeddable":true,"href":"https:\/\/lucacastelli.com\/de\/wp-json\/wp\/v2\/media\/436605"}],"wp:attachment":[{"href":"https:\/\/lucacastelli.com\/de\/wp-json\/wp\/v2\/media?parent=464391"}],"wp:term":[{"taxonomy":"product_brand","embeddable":true,"href":"https:\/\/lucacastelli.com\/de\/wp-json\/wp\/v2\/product_brand?post=464391"},{"taxonomy":"product_cat","embeddable":true,"href":"https:\/\/lucacastelli.com\/de\/wp-json\/wp\/v2\/product_cat?post=464391"},{"taxonomy":"product_tag","embeddable":true,"href":"https:\/\/lucacastelli.com\/de\/wp-json\/wp\/v2\/product_tag?post=464391"}],"curies":[{"name":"wp","href":"https:\/\/api.w.org\/{rel}","templated":true}]}}