{"id":464389,"date":"2025-05-31T22:03:01","date_gmt":"2025-05-31T20:03:01","guid":{"rendered":"https:\/\/lucacastelli.com\/prodotto\/fsa-135-ohne-akku-und-ladegeraet\/"},"modified":"2026-03-06T16:14:46","modified_gmt":"2026-03-06T15:14:46","slug":"fsa-135-ohne-akku-und-ladegeraet","status":"publish","type":"product","link":"https:\/\/lucacastelli.com\/de\/produkt\/fsa-135-ohne-akku-und-ladegeraet\/","title":{"rendered":"STIHL FSA 135, ohne Akku und Ladeger\u00e4t"},"content":{"rendered":"<p>Robuster und leistungsstarker Akku-Freischneider mit AP-Akkufach im Ger\u00e4t. Zum M\u00e4hen von Gras und Gestr\u00fcpp in l\u00e4rmsensiblen Bereichen. Schnittumfang Durchmesser 260 mm mit Grasschneidemesser. Ergonomischer Bedienhebel mit dreistufiger Geschwindigkeitswahl und LED-Anzeige, stufenlose Geschwindigkeitsverstellung, doppelter Schultergurt, Luftfilter f\u00fcr lange Lebensdauer. Vielseitig einsetzbar dank der gro\u00dfen Auswahl an STIHL Schneidwerkzeugen. Aktiviert f\u00fcr STIHL Smart Connector 2 A im Ger\u00e4tegeh\u00e4use.\/p<br \/>\n886661490264<\/p>\n<p>Nennspannung 36<br \/>\nStromverbrauch<\/p>\n<p>Stromverbrauch Power Power System<br \/>\nAP<br \/>\nBatterie Empfohlene Batterie AP 300 S, AR 2000<\/p>\n","protected":false},"excerpt":{"rendered":"<p>Robuster und leistungsstarker Akku-Freischneider mit AP-Akkufach im Ger\u00e4t. Zum M\u00e4hen von Gras und Gestr\u00fcpp in l\u00e4rmsensiblen Bereichen. Schnittumfang Durchmesser 260<\/p>\n","protected":false},"featured_media":436644,"template":"","meta":{"_seopress_robots_primary_cat":"","_seopress_titles_title":"","_seopress_titles_desc":"","_seopress_robots_index":""},"product_brand":[3366],"product_cat":[29,270,281],"product_tag":[3265],"class_list":{"0":"post-464389","1":"product","2":"type-product","3":"status-publish","4":"has-post-thumbnail","6":"product_brand-stihl","7":"product_cat-macchinari","8":"product_cat-decespugliatori-e-tagliabordi","9":"product_cat-decespugliatori-e-tagliabordi-a-batteria","10":"product_tag-import-stihl","11":"sws-gruppo-macchinari-de","12":"sws-conto-ricavi-merci-rivendita-macchinari-de","13":"sws-gruppo-iva-iva81-de","15":"first","16":"onbackorder","17":"purchasable","18":"product-type-simple"},"_links":{"self":[{"href":"https:\/\/lucacastelli.com\/de\/wp-json\/wp\/v2\/product\/464389","targetHints":{"allow":["GET"]}}],"collection":[{"href":"https:\/\/lucacastelli.com\/de\/wp-json\/wp\/v2\/product"}],"about":[{"href":"https:\/\/lucacastelli.com\/de\/wp-json\/wp\/v2\/types\/product"}],"wp:featuredmedia":[{"embeddable":true,"href":"https:\/\/lucacastelli.com\/de\/wp-json\/wp\/v2\/media\/436644"}],"wp:attachment":[{"href":"https:\/\/lucacastelli.com\/de\/wp-json\/wp\/v2\/media?parent=464389"}],"wp:term":[{"taxonomy":"product_brand","embeddable":true,"href":"https:\/\/lucacastelli.com\/de\/wp-json\/wp\/v2\/product_brand?post=464389"},{"taxonomy":"product_cat","embeddable":true,"href":"https:\/\/lucacastelli.com\/de\/wp-json\/wp\/v2\/product_cat?post=464389"},{"taxonomy":"product_tag","embeddable":true,"href":"https:\/\/lucacastelli.com\/de\/wp-json\/wp\/v2\/product_tag?post=464389"}],"curies":[{"name":"wp","href":"https:\/\/api.w.org\/{rel}","templated":true}]}}