{"id":464384,"date":"2025-05-31T22:03:26","date_gmt":"2025-05-31T20:03:26","guid":{"rendered":"https:\/\/lucacastelli.com\/prodotto\/fs-461-c-em\/"},"modified":"2026-04-13T12:18:09","modified_gmt":"2026-04-13T10:18:09","slug":"fs-461-c-em","status":"publish","type":"product","link":"https:\/\/lucacastelli.com\/de\/produkt\/fs-461-c-em\/","title":{"rendered":"STIHL FS 461 C-EM"},"content":{"rendered":"<p>pF\u00fcr komplexe M\u00e4harbeiten auf Fl\u00e4chen mit hartn\u00e4ckigem Gras. STIHL 4-Punkt-Schwingungsd\u00e4mpfer, STIHL ErgoStart, Multifunktionsgriff, Lenkergriff, Griffverstellung ohne Werkzeug, StIHL 2-MIX Motor, STIHL M-Tronic, Universal-Schultergurt ADVANCE PLUS.\/p<br \/>\n886661288328<\/p>\n<p>Hubraum 45,6<br \/>\nPower Power<\/p>\n<p>Power Power<br \/>\nPower Power 3,00<br \/>\nCO2 865<\/p>\n","protected":false},"excerpt":{"rendered":"<p>pF\u00fcr komplexe M\u00e4harbeiten auf Fl\u00e4chen mit hartn\u00e4ckigem Gras. STIHL 4-Punkt-Schwingungsd\u00e4mpfer, STIHL ErgoStart, Multifunktionsgriff, Lenkergriff, Griffverstellung ohne Werkzeug, StIHL 2-MIX Motor,<\/p>\n","protected":false},"featured_media":436689,"template":"","meta":{"_seopress_robots_primary_cat":"","_seopress_titles_title":"","_seopress_titles_desc":"","_seopress_robots_index":""},"product_brand":[3366],"product_cat":[29,270,280],"product_tag":[3265],"class_list":{"0":"post-464384","1":"product","2":"type-product","3":"status-publish","4":"has-post-thumbnail","6":"product_brand-stihl","7":"product_cat-macchinari","8":"product_cat-decespugliatori-e-tagliabordi","9":"product_cat-decespugliatori-e-tagliabordi-a-motore","10":"product_tag-import-stihl","11":"sws-gruppo-macchinari-de","12":"sws-conto-ricavi-merci-rivendita-macchinari-de","13":"sws-gruppo-iva-iva81-de","15":"first","16":"onbackorder","17":"purchasable","18":"product-type-simple"},"_links":{"self":[{"href":"https:\/\/lucacastelli.com\/de\/wp-json\/wp\/v2\/product\/464384","targetHints":{"allow":["GET"]}}],"collection":[{"href":"https:\/\/lucacastelli.com\/de\/wp-json\/wp\/v2\/product"}],"about":[{"href":"https:\/\/lucacastelli.com\/de\/wp-json\/wp\/v2\/types\/product"}],"wp:featuredmedia":[{"embeddable":true,"href":"https:\/\/lucacastelli.com\/de\/wp-json\/wp\/v2\/media\/436689"}],"wp:attachment":[{"href":"https:\/\/lucacastelli.com\/de\/wp-json\/wp\/v2\/media?parent=464384"}],"wp:term":[{"taxonomy":"product_brand","embeddable":true,"href":"https:\/\/lucacastelli.com\/de\/wp-json\/wp\/v2\/product_brand?post=464384"},{"taxonomy":"product_cat","embeddable":true,"href":"https:\/\/lucacastelli.com\/de\/wp-json\/wp\/v2\/product_cat?post=464384"},{"taxonomy":"product_tag","embeddable":true,"href":"https:\/\/lucacastelli.com\/de\/wp-json\/wp\/v2\/product_tag?post=464384"}],"curies":[{"name":"wp","href":"https:\/\/api.w.org\/{rel}","templated":true}]}}