{"id":464383,"date":"2025-05-31T22:03:19","date_gmt":"2025-05-31T20:03:19","guid":{"rendered":"https:\/\/lucacastelli.com\/prodotto\/fs-261\/"},"modified":"2026-04-13T12:18:09","modified_gmt":"2026-04-13T10:18:09","slug":"fs-261","status":"publish","type":"product","link":"https:\/\/lucacastelli.com\/de\/produkt\/fs-261\/","title":{"rendered":"STIHL FS 261"},"content":{"rendered":"<p>pF\u00fcr anspruchsvolle M\u00e4h- und Oberfl\u00e4chenschneidarbeiten. STIHL 1-Punkt-Schwingungsd\u00e4mpfer, Einhand-Multifunktionsgriff, Rundgriff mit Schrittbegrenzung, STIHL 2-MIX-Motor, ADVANCE Universal-Schultergurt 886661284887.<\/p>\n<p>Hubraum 41,6<br \/>\nLeistung Leistung<\/p>\n<p>Leistung Leistung<br \/>\nLeistung 2,70<br \/>\nCO2 856<\/p>\n","protected":false},"excerpt":{"rendered":"<p>pF\u00fcr anspruchsvolle M\u00e4h- und Oberfl\u00e4chenschneidarbeiten. STIHL 1-Punkt-Schwingungsd\u00e4mpfer, Einhand-Multifunktionsgriff, Rundgriff mit Schrittbegrenzung, STIHL 2-MIX-Motor, ADVANCE Universal-Schultergurt 886661284887. Hubraum 41,6 Leistung Leistung<\/p>\n","protected":false},"featured_media":436684,"template":"","meta":{"_seopress_robots_primary_cat":"","_seopress_titles_title":"","_seopress_titles_desc":"","_seopress_robots_index":""},"product_brand":[3366],"product_cat":[29,270,280],"product_tag":[3265],"class_list":{"0":"post-464383","1":"product","2":"type-product","3":"status-publish","4":"has-post-thumbnail","6":"product_brand-stihl","7":"product_cat-macchinari","8":"product_cat-decespugliatori-e-tagliabordi","9":"product_cat-decespugliatori-e-tagliabordi-a-motore","10":"product_tag-import-stihl","11":"sws-gruppo-macchinari-de","12":"sws-conto-ricavi-merci-rivendita-macchinari-de","13":"sws-gruppo-iva-iva81-de","15":"first","16":"onbackorder","17":"purchasable","18":"product-type-simple"},"_links":{"self":[{"href":"https:\/\/lucacastelli.com\/de\/wp-json\/wp\/v2\/product\/464383","targetHints":{"allow":["GET"]}}],"collection":[{"href":"https:\/\/lucacastelli.com\/de\/wp-json\/wp\/v2\/product"}],"about":[{"href":"https:\/\/lucacastelli.com\/de\/wp-json\/wp\/v2\/types\/product"}],"wp:featuredmedia":[{"embeddable":true,"href":"https:\/\/lucacastelli.com\/de\/wp-json\/wp\/v2\/media\/436684"}],"wp:attachment":[{"href":"https:\/\/lucacastelli.com\/de\/wp-json\/wp\/v2\/media?parent=464383"}],"wp:term":[{"taxonomy":"product_brand","embeddable":true,"href":"https:\/\/lucacastelli.com\/de\/wp-json\/wp\/v2\/product_brand?post=464383"},{"taxonomy":"product_cat","embeddable":true,"href":"https:\/\/lucacastelli.com\/de\/wp-json\/wp\/v2\/product_cat?post=464383"},{"taxonomy":"product_tag","embeddable":true,"href":"https:\/\/lucacastelli.com\/de\/wp-json\/wp\/v2\/product_tag?post=464383"}],"curies":[{"name":"wp","href":"https:\/\/api.w.org\/{rel}","templated":true}]}}