{"id":464380,"date":"2025-05-31T22:03:08","date_gmt":"2025-05-31T20:03:08","guid":{"rendered":"https:\/\/lucacastelli.com\/prodotto\/fs-411-c-em\/"},"modified":"2025-06-29T13:43:36","modified_gmt":"2025-06-29T11:43:36","slug":"fs-411-c-em","status":"publish","type":"product","link":"https:\/\/lucacastelli.com\/de\/produkt\/fs-411-c-em\/","title":{"rendered":"STIHL FS 411 C-EM"},"content":{"rendered":"<p>pZum M\u00e4hen von schwierigem Rasen. Schnittumfang Durchmesser 300 mm mit Buchsenmesser, Schnittumfangsdurchmesserverl\u00e4ngerung bis max. 520 mm mit M\u00e4hwerkzeug, STIHL 4-Punkt-Vibrationsd\u00e4mpfer, STIHL ErgoStart. Ergonomischer Zweihandgriff (Lenker) mit neuer, besonders ergonomischem ADVANCE Grip Einhand-Multifunktionsgriff, komfortabler Griffzone und Daumeneinsatz f\u00fcr flexibles und erm\u00fcdungsfreies Arbeiten, inklusive werkzeugloser Verstellung des Griffs. STIHL 2-MIX-Motor, STIHL M-Tronic. Mit universellem Schultergurt ADVANCE PLUS.\/p<br \/>\n886661287352<\/p>\n<p>Hubraum 41,6<br \/>\nLeistung Leistung<\/p>\n<p>Leistung Leistung<br \/>\nLeistung 2,70<br \/>\nCO2 808<\/p>\n","protected":false},"excerpt":{"rendered":"<p>pZum M\u00e4hen von schwierigem Rasen. Schnittumfang Durchmesser 300 mm mit Buchsenmesser, Schnittumfangsdurchmesserverl\u00e4ngerung bis max. 520 mm mit M\u00e4hwerkzeug, STIHL 4-Punkt-Vibrationsd\u00e4mpfer,<\/p>\n","protected":false},"featured_media":436679,"template":"","meta":{"_seopress_robots_primary_cat":"","_seopress_titles_title":"","_seopress_titles_desc":"","_seopress_robots_index":""},"product_brand":[3366],"product_cat":[29,270,280],"product_tag":[3265],"class_list":{"0":"post-464380","1":"product","2":"type-product","3":"status-publish","4":"has-post-thumbnail","6":"product_brand-stihl","7":"product_cat-macchinari","8":"product_cat-decespugliatori-e-tagliabordi","9":"product_cat-decespugliatori-e-tagliabordi-a-motore","10":"product_tag-import-stihl","11":"sws-gruppo-macchinari-de","12":"sws-conto-ricavi-merci-rivendita-macchinari-de","13":"sws-gruppo-iva-iva81-de","15":"first","16":"onbackorder","17":"purchasable","18":"product-type-simple"},"_links":{"self":[{"href":"https:\/\/lucacastelli.com\/de\/wp-json\/wp\/v2\/product\/464380","targetHints":{"allow":["GET"]}}],"collection":[{"href":"https:\/\/lucacastelli.com\/de\/wp-json\/wp\/v2\/product"}],"about":[{"href":"https:\/\/lucacastelli.com\/de\/wp-json\/wp\/v2\/types\/product"}],"wp:featuredmedia":[{"embeddable":true,"href":"https:\/\/lucacastelli.com\/de\/wp-json\/wp\/v2\/media\/436679"}],"wp:attachment":[{"href":"https:\/\/lucacastelli.com\/de\/wp-json\/wp\/v2\/media?parent=464380"}],"wp:term":[{"taxonomy":"product_brand","embeddable":true,"href":"https:\/\/lucacastelli.com\/de\/wp-json\/wp\/v2\/product_brand?post=464380"},{"taxonomy":"product_cat","embeddable":true,"href":"https:\/\/lucacastelli.com\/de\/wp-json\/wp\/v2\/product_cat?post=464380"},{"taxonomy":"product_tag","embeddable":true,"href":"https:\/\/lucacastelli.com\/de\/wp-json\/wp\/v2\/product_tag?post=464380"}],"curies":[{"name":"wp","href":"https:\/\/api.w.org\/{rel}","templated":true}]}}