{"id":464370,"date":"2025-05-31T22:03:38","date_gmt":"2025-05-31T20:03:38","guid":{"rendered":"https:\/\/lucacastelli.com\/prodotto\/fsa-135-r-ohne-akku-und-ladegeraet\/"},"modified":"2026-04-16T21:24:56","modified_gmt":"2026-04-16T19:24:56","slug":"fsa-135-r-ohne-akku-und-ladegeraet","status":"publish","type":"product","link":"https:\/\/lucacastelli.com\/de\/produkt\/fsa-135-r-ohne-akku-und-ladegeraet\/","title":{"rendered":"STIHL FSA 135 R, ohne Akku und Ladeger\u00e4t"},"content":{"rendered":"<p>Robuster und leistungsstarker Akku-Motorsense mit AP-Akkuschacht im Ger\u00e4t. Zum M\u00e4hen von Gras und Gestr\u00fcpp in l\u00e4rmsensiblen Bereichen. Schneidkreis-Durchmesser 260 mm mit Grasschneideblatt, max. Schneidkreis-Durchmesser 420 mm mit M\u00e4hkopf. Ergonomischer Bediengriff mit dreistufiger Drehzahlvorwahl und LED-Anzeige, stufenlose Drehzahlregelung, Rundumgriff, Doppelschultergurt, Luftfilter f\u00fcr lange Lebensdauer. Extrem vielseitig durch das breite STIHL Schneidwerkzeug-Sortiment. Vorbereitet f\u00fcr STIHL Smart Connector 2 A im Geh\u00e4use.<br \/>\n886661608423<\/p>\n<p>Nennspannung 36<br \/>\nLeistungsaufnahme Leistungsaufnahme<\/p>\n<p>Leistung Leistung<br \/>\nAP-Akkusystem<br \/>\nEmpfohlener Akku AP 300 S<\/p>\n","protected":false},"excerpt":{"rendered":"<p>Robuster und leistungsstarker Akku-Motorsense mit AP-Akkuschacht im Ger\u00e4t. Zum M\u00e4hen von Gras und Gestr\u00fcpp in l\u00e4rmsensiblen Bereichen. Schneidkreis-Durchmesser 260 mm<\/p>\n","protected":false},"featured_media":436694,"template":"","meta":{"_seopress_robots_primary_cat":"none","_seopress_titles_title":"","_seopress_titles_desc":"","_seopress_robots_index":""},"product_brand":[3366],"product_cat":[29,270,281],"product_tag":[3265],"class_list":{"0":"post-464370","1":"product","2":"type-product","3":"status-publish","4":"has-post-thumbnail","6":"product_brand-stihl","7":"product_cat-macchinari","8":"product_cat-decespugliatori-e-tagliabordi","9":"product_cat-decespugliatori-e-tagliabordi-a-batteria","10":"product_tag-import-stihl","11":"sws-gruppo-macchinari-de","12":"sws-conto-ricavi-merci-rivendita-macchinari-de","13":"sws-gruppo-iva-iva81-de","15":"first","16":"onbackorder","17":"purchasable","18":"product-type-simple"},"_links":{"self":[{"href":"https:\/\/lucacastelli.com\/de\/wp-json\/wp\/v2\/product\/464370","targetHints":{"allow":["GET"]}}],"collection":[{"href":"https:\/\/lucacastelli.com\/de\/wp-json\/wp\/v2\/product"}],"about":[{"href":"https:\/\/lucacastelli.com\/de\/wp-json\/wp\/v2\/types\/product"}],"wp:featuredmedia":[{"embeddable":true,"href":"https:\/\/lucacastelli.com\/de\/wp-json\/wp\/v2\/media\/436694"}],"wp:attachment":[{"href":"https:\/\/lucacastelli.com\/de\/wp-json\/wp\/v2\/media?parent=464370"}],"wp:term":[{"taxonomy":"product_brand","embeddable":true,"href":"https:\/\/lucacastelli.com\/de\/wp-json\/wp\/v2\/product_brand?post=464370"},{"taxonomy":"product_cat","embeddable":true,"href":"https:\/\/lucacastelli.com\/de\/wp-json\/wp\/v2\/product_cat?post=464370"},{"taxonomy":"product_tag","embeddable":true,"href":"https:\/\/lucacastelli.com\/de\/wp-json\/wp\/v2\/product_tag?post=464370"}],"curies":[{"name":"wp","href":"https:\/\/api.w.org\/{rel}","templated":true}]}}