{"id":464361,"date":"2025-05-31T22:31:24","date_gmt":"2025-05-31T20:31:24","guid":{"rendered":"https:\/\/lucacastelli.com\/prodotto\/fsa-60-r-ohne-ladung-und-ohne-ladegeraet\/"},"modified":"2026-03-04T15:05:53","modified_gmt":"2026-03-04T14:05:53","slug":"fsa-60-r-ohne-ladung-und-ohne-ladegeraet","status":"publish","type":"product","link":"https:\/\/lucacastelli.com\/de\/produkt\/fsa-60-r-ohne-ladung-und-ohne-ladegeraet\/","title":{"rendered":"STIHL FSA 60 R, ohne Akku und ohne Ladeger\u00e4t"},"content":{"rendered":"<p>Akku-Freischneider in modernem Design f\u00fcr die Rasen- und Kantenpflege. Schneidkreis-Durchmesser 350 mm. Ergonomischer Bediengriff mit stufenloser Drehzahlregelung, Rundumgriff, robuster Aluminiumschaft. Abstandshalter zum M\u00e4hen um Hindernisse wie B\u00e4ume und Str\u00e4ucher. Mit M\u00e4hkopf AutoCut C 6-2. Alternativ ist der M\u00e4hkopf PolyCut 6-2 mit Kunststoffmessern als Zubeh\u00f6r erh\u00e4ltlich.<br \/>\n886661313693    <\/p>\n<p>Nennspannung 36<br \/>\nLeistungsaufnahme Leistungsaufnahme<\/p>\n<p>Leistung Leistung<br \/>\nAK-Akkusystem<br \/>\nEmpfohlener Akku AK 20<\/p>\n","protected":false},"excerpt":{"rendered":"<p>FSA 60 R, ohne Akku und ohne Ladeger\u00e4t<\/p>\n","protected":false},"featured_media":422409,"template":"","meta":{"_seopress_robots_primary_cat":"","_seopress_titles_title":"","_seopress_titles_desc":"","_seopress_robots_index":""},"product_brand":[3554],"product_cat":[169,1581,1609],"product_tag":[3266],"class_list":{"0":"post-464361","1":"product","2":"type-product","3":"status-publish","4":"has-post-thumbnail","6":"product_brand-stihl-de","7":"product_cat-maschinen","8":"product_cat-freischneider-und-trimmer","9":"product_cat-akkubetriebene-freischneider-und-trimmer","10":"product_tag-import-stihl-de","11":"sws-gruppo-macchinari-de","12":"sws-conto-ricavi-merci-rivendita-macchinari-de","13":"sws-gruppo-iva-iva81-de","15":"first","16":"onbackorder","17":"purchasable","18":"product-type-simple"},"_links":{"self":[{"href":"https:\/\/lucacastelli.com\/de\/wp-json\/wp\/v2\/product\/464361","targetHints":{"allow":["GET"]}}],"collection":[{"href":"https:\/\/lucacastelli.com\/de\/wp-json\/wp\/v2\/product"}],"about":[{"href":"https:\/\/lucacastelli.com\/de\/wp-json\/wp\/v2\/types\/product"}],"wp:featuredmedia":[{"embeddable":true,"href":"https:\/\/lucacastelli.com\/de\/wp-json\/wp\/v2\/media\/422409"}],"wp:attachment":[{"href":"https:\/\/lucacastelli.com\/de\/wp-json\/wp\/v2\/media?parent=464361"}],"wp:term":[{"taxonomy":"product_brand","embeddable":true,"href":"https:\/\/lucacastelli.com\/de\/wp-json\/wp\/v2\/product_brand?post=464361"},{"taxonomy":"product_cat","embeddable":true,"href":"https:\/\/lucacastelli.com\/de\/wp-json\/wp\/v2\/product_cat?post=464361"},{"taxonomy":"product_tag","embeddable":true,"href":"https:\/\/lucacastelli.com\/de\/wp-json\/wp\/v2\/product_tag?post=464361"}],"curies":[{"name":"wp","href":"https:\/\/api.w.org\/{rel}","templated":true}]}}