{"id":464358,"date":"2025-05-31T22:31:27","date_gmt":"2025-05-31T20:31:27","guid":{"rendered":"https:\/\/lucacastelli.com\/prodotto\/fsa-86-r-ohne-akku-und-ohne-ladegeraet\/"},"modified":"2026-03-13T18:07:42","modified_gmt":"2026-03-13T17:07:42","slug":"fsa-86-r-ohne-akku-und-ohne-ladegeraet","status":"publish","type":"product","link":"https:\/\/lucacastelli.com\/de\/produkt\/fsa-86-r-ohne-akku-und-ohne-ladegeraet\/","title":{"rendered":"STIHL FSA 86 R, ohne Ladung und ohne Ladeger\u00e4t"},"content":{"rendered":"<p>Leistungsstarker Akku-Freischneider mit modernem Design f\u00fcr das M\u00e4hen entlang von Hindernissen, B\u00e4umen und B\u00fcschen. Durchmesser des Schnittkreises 350 mm. Ergonomischer Bediengriff mit stufenloser Geschwindigkeitsverstellung, Rundgriff, stabiler Aluminiumstange, Distanzstange. Mit dem M\u00e4hkopf AutoCut C 6-2. Alternativ ist der M\u00e4hkopf PolyCut 6-2 mit Kunststoffmessern als Zubeh\u00f6r erh\u00e4ltlich.<br \/>\n886661336388   <\/p>\n<p>Nennspannung 36<br \/>\nLeistungsaufnahme Leistungsaufnahme<\/p>\n<p>Power Power<br \/>\nBattery System AP<br \/>\nEmpfohlene Batterie AP 200<\/p>\n","protected":false},"excerpt":{"rendered":"<p>FSA 86 R, ohne Akku und ohne Ladeger\u00e4t<\/p>\n","protected":false},"featured_media":422449,"template":"","meta":{"_seopress_robots_primary_cat":"","_seopress_titles_title":"","_seopress_titles_desc":"","_seopress_robots_index":""},"product_brand":[3554],"product_cat":[1609,1581,169],"product_tag":[3266],"class_list":{"0":"post-464358","1":"product","2":"type-product","3":"status-publish","4":"has-post-thumbnail","6":"product_brand-stihl-de","7":"product_cat-akkubetriebene-freischneider-und-trimmer","8":"product_cat-freischneider-und-trimmer","9":"product_cat-maschinen","10":"product_tag-import-stihl-de","11":"sws-gruppo-abb-libero-de","12":"sws-conto-ricavi-merci-rivendita-abbigliamento-de","13":"sws-gruppo-iva-iva81-de","15":"first","16":"onbackorder","17":"purchasable","18":"product-type-simple"},"_links":{"self":[{"href":"https:\/\/lucacastelli.com\/de\/wp-json\/wp\/v2\/product\/464358","targetHints":{"allow":["GET"]}}],"collection":[{"href":"https:\/\/lucacastelli.com\/de\/wp-json\/wp\/v2\/product"}],"about":[{"href":"https:\/\/lucacastelli.com\/de\/wp-json\/wp\/v2\/types\/product"}],"wp:featuredmedia":[{"embeddable":true,"href":"https:\/\/lucacastelli.com\/de\/wp-json\/wp\/v2\/media\/422449"}],"wp:attachment":[{"href":"https:\/\/lucacastelli.com\/de\/wp-json\/wp\/v2\/media?parent=464358"}],"wp:term":[{"taxonomy":"product_brand","embeddable":true,"href":"https:\/\/lucacastelli.com\/de\/wp-json\/wp\/v2\/product_brand?post=464358"},{"taxonomy":"product_cat","embeddable":true,"href":"https:\/\/lucacastelli.com\/de\/wp-json\/wp\/v2\/product_cat?post=464358"},{"taxonomy":"product_tag","embeddable":true,"href":"https:\/\/lucacastelli.com\/de\/wp-json\/wp\/v2\/product_tag?post=464358"}],"curies":[{"name":"wp","href":"https:\/\/api.w.org\/{rel}","templated":true}]}}