{"id":464345,"date":"2023-05-09T08:52:07","date_gmt":"2023-05-09T06:52:07","guid":{"rendered":"https:\/\/lucacastelli.com\/?post_type=product&#038;p=464345"},"modified":"2025-08-05T13:42:57","modified_gmt":"2025-08-05T11:42:57","slug":"tragesystem","status":"publish","type":"product","link":"https:\/\/lucacastelli.com\/de\/produkt\/tragesystem\/","title":{"rendered":"KARRIERE STEMME"},"content":{"rendered":"<p>Selbstfahrende Spritze \/ pulv\u00e9risateur automoteur<br \/>\n Motorisierte selbstfahrende Spritze mit 120-Liter-Tank. Dank der idealen Gewichtsverteilung auf die gro\u00dfen Antriebsr\u00e4der<br \/>\nund der automatischen Getriebebremse ist ein sicheres Fahren auch auf unebenem Gel\u00e4nde m\u00f6glich. Die leistungsstarke Membran-Kolbenpumpe mit 0-30 bar und 29 l\/min erm\u00f6glicht ein breites Einsatzspektrum. Schlauchhaspel<br \/>\nDie angebaute Schlauchhaspel kann auf Wunsch einen bis zu 60 m langen Hochdruckschlauch aufnehmen.<br \/>\nMotorhaspel mit 120-Liter-Tank. Die optimale Gewichtsverteilung auf den Motorrollen<br \/>\nund der automatische Rotationsmotor sorgen f\u00fcr eine stabile Maschine, die sich auch auf unebenem Gel\u00e4nde gut man\u00f6vrieren l\u00e4sst.<br \/>\nDie leistungsstarke Membranpumpe mit Kolben bietet gro\u00dfe Vielseitigkeit. Auf Wunsch kann das<br \/>\nenrouleur kit ein bis zu 60 m langes Hochdruck-Tuyau tragen.        <\/p>\n<p>Motor \/ Motor HONDA GCV160 5 HP OHC \/ PS<br \/>\nGetriebe \/ gearbox in oil bath \/ par engrenages \u00e0 bain d&#8217;huile<br \/>\nGetriebe \/ Frein automatische Bremseinrichtung \/ dispositif de freinage d&#8217;automatique<br \/>\nG\u00e4nge \/ Vitesses 1 Gang vorw\u00e4rts und 1 Gang r\u00fcckw\u00e4rts \/ 1 marche avant et 1 marche arri\u00e8re<br \/>\nGeschwindigkeit \/ Vitesse d&#8217;avancement V 3,6 \/ R 2,0 km\/h<br \/>\nKupplung \/ Embrayage pour les roues motrices \/ pour les roues motrices<br \/>\nAntriebsr\u00e4der \/ Roues motrices 13&#215;5.00-6 Breitreifen \/ pneus larges 13&#215;5.00-6<br \/>\nSchwenkbare R\u00e4der \/ Train arri\u00e8re 2 auf Pendelachse \/ deux roues sur axe pivotant<br \/>\nTankinhalt \/ R\u00e9servoir \u00e0 produit 120 l<br \/>\nPumpe \/ Pumpen 29 l\/min, 0-30 bar<br \/>\nSchlauchaufroller \/ Abschlie\u00dfbarer Schlauchaufroller-Bausatz \/ ausgestattet mit einer Sicherheitsvorrichtung<br \/>\nSpr\u00fchlanze BR4 \/ Verstellbare Lanze \/ Verstellbares Spr\u00fchen<br \/>\nGewicht \/ Poids ca. 80 kg \/ environ<\/p>\n<p>Option &#8211; Transportschale 85 l &#8211; benne de 85 l<br \/>\n&#8211; Metallbr\u00fccke mit Kunststoffschale &#8211; pont m\u00e9tallique et bac en plastique<br \/>\n&#8211; Schneeschild 85 cm &#8211; chasse-neige 85 cm<br \/>\n&#8211; Schneeketten &#8211; cha\u00eenes \u00e0 neige<\/p>\n","protected":false},"excerpt":{"rendered":"<p>Selbstfahrende Spritze \/ pulv\u00e9risateur automoteur Motorisierte selbstfahrende Spritze mit 120-Liter-Tank. Dank der idealen Gewichtsverteilung auf die gro\u00dfen Antriebsr\u00e4der und der<\/p>\n","protected":false},"featured_media":55120,"template":"","meta":{"_seopress_robots_primary_cat":"","_seopress_titles_title":"","_seopress_titles_desc":"","_seopress_robots_index":""},"product_brand":[4711],"product_cat":[1454,169,1566,1577],"product_tag":[],"class_list":{"0":"post-464345","1":"product","2":"type-product","3":"status-publish","4":"has-post-thumbnail","6":"product_brand-stema-de","7":"product_cat-andere-gerate","8":"product_cat-maschinen","9":"product_cat-nebelgeblase-und-spruhgerate","10":"product_cat-spruhgerate-de","11":"sws-gruppo-macchinari-de","12":"sws-conto-ricavi-merci-rivendita-macchinari-de","13":"sws-gruppo-iva-iva81-de","15":"first","16":"onbackorder","17":"shipping-taxable","18":"purchasable","19":"product-type-simple"},"_links":{"self":[{"href":"https:\/\/lucacastelli.com\/de\/wp-json\/wp\/v2\/product\/464345","targetHints":{"allow":["GET"]}}],"collection":[{"href":"https:\/\/lucacastelli.com\/de\/wp-json\/wp\/v2\/product"}],"about":[{"href":"https:\/\/lucacastelli.com\/de\/wp-json\/wp\/v2\/types\/product"}],"wp:featuredmedia":[{"embeddable":true,"href":"https:\/\/lucacastelli.com\/de\/wp-json\/wp\/v2\/media\/55120"}],"wp:attachment":[{"href":"https:\/\/lucacastelli.com\/de\/wp-json\/wp\/v2\/media?parent=464345"}],"wp:term":[{"taxonomy":"product_brand","embeddable":true,"href":"https:\/\/lucacastelli.com\/de\/wp-json\/wp\/v2\/product_brand?post=464345"},{"taxonomy":"product_cat","embeddable":true,"href":"https:\/\/lucacastelli.com\/de\/wp-json\/wp\/v2\/product_cat?post=464345"},{"taxonomy":"product_tag","embeddable":true,"href":"https:\/\/lucacastelli.com\/de\/wp-json\/wp\/v2\/product_tag?post=464345"}],"curies":[{"name":"wp","href":"https:\/\/api.w.org\/{rel}","templated":true}]}}