{"id":464342,"date":"2023-05-18T15:25:19","date_gmt":"2023-05-18T13:25:19","guid":{"rendered":"https:\/\/lucacastelli.com\/prodotto\/stema-cmp-20-bm\/"},"modified":"2025-08-05T13:42:54","modified_gmt":"2025-08-05T11:42:54","slug":"stema-cmp-20-bm","status":"publish","type":"product","link":"https:\/\/lucacastelli.com\/de\/produkt\/stema-cmp-20-bm\/","title":{"rendered":"STEMA CMP 20 BM"},"content":{"rendered":"<p>Praktische R\u00fcckenspritze mit einer hohen Pumpenleistung von<br \/>\n30 bar. Der laufruhige HONDA 4-Takt Benzinmotor erlaubt ein<br \/>\nproblemloses Arbeiten im bewohnten Gebiet.<br \/>\nCe pulv\u00e9risateur \u00e0 dos \u00e0 la fois pratique et performant est \u00e9quip\u00e9 d&#8217;une pompe puissante (30 bar). Besonders ger\u00e4uscharm, erm\u00f6glicht der 4-Takt-Honda-Motor ein problemloses Arbeiten in den bewohnten Gebieten<br \/>\n.  <\/p>\n<p>Einsatzbereich \/ Domaine d&#8217;utilisation Bespr\u00fchen oder<br \/>\nSpritzen von Blumen, Str\u00e4uchern, Reben und<br \/>\nObstb\u00e4umen \/ pulv\u00e9risation et traitements des fleurs, arbustes,<br \/>\nvignes et arbres fruitiers<br \/>\nMotor \/ Moteur HONDA GX25 4-Takt \/ 4 temps<br \/>\nSpr\u00fchmitteltankinhalt \/ R\u00e9servoir \u00e0 produit 20 l<br \/>\nPumpenleistung \/ Performance de la pompe 0-30 bar\/8l\/min.<br \/>\nSpritzlanze \/ Lance 1 Stk. mit Doppeld\u00fcse, 1 Stk.<br \/>\nEinhandlanze BR4 \/ 1 pi\u00e8ce avec buse double,<br \/>\n1 pi\u00e8ce avec lance \u00e0 une main BR4<br \/>\nGewicht \/ Poids 8,8 kg <\/p>\n","protected":false},"excerpt":{"rendered":"<p>Praktische R\u00fcckenspritze mit einer hohen Pumpenleistung von 30 bar. Der laufruhige HONDA 4-Takt Benzinmotor erlaubt ein problemloses Arbeiten im bewohnten<\/p>\n","protected":false},"featured_media":55362,"template":"","meta":{"_seopress_robots_primary_cat":"","_seopress_titles_title":"","_seopress_titles_desc":"","_seopress_robots_index":""},"product_brand":[4711],"product_cat":[169,1566,1577],"product_tag":[],"class_list":{"0":"post-464342","1":"product","2":"type-product","3":"status-publish","4":"has-post-thumbnail","6":"product_brand-stema-de","7":"product_cat-maschinen","8":"product_cat-nebelgeblase-und-spruhgerate","9":"product_cat-spruhgerate-de","11":"first","12":"onbackorder","13":"shipping-taxable","14":"purchasable","15":"product-type-simple"},"_links":{"self":[{"href":"https:\/\/lucacastelli.com\/de\/wp-json\/wp\/v2\/product\/464342","targetHints":{"allow":["GET"]}}],"collection":[{"href":"https:\/\/lucacastelli.com\/de\/wp-json\/wp\/v2\/product"}],"about":[{"href":"https:\/\/lucacastelli.com\/de\/wp-json\/wp\/v2\/types\/product"}],"wp:featuredmedia":[{"embeddable":true,"href":"https:\/\/lucacastelli.com\/de\/wp-json\/wp\/v2\/media\/55362"}],"wp:attachment":[{"href":"https:\/\/lucacastelli.com\/de\/wp-json\/wp\/v2\/media?parent=464342"}],"wp:term":[{"taxonomy":"product_brand","embeddable":true,"href":"https:\/\/lucacastelli.com\/de\/wp-json\/wp\/v2\/product_brand?post=464342"},{"taxonomy":"product_cat","embeddable":true,"href":"https:\/\/lucacastelli.com\/de\/wp-json\/wp\/v2\/product_cat?post=464342"},{"taxonomy":"product_tag","embeddable":true,"href":"https:\/\/lucacastelli.com\/de\/wp-json\/wp\/v2\/product_tag?post=464342"}],"curies":[{"name":"wp","href":"https:\/\/api.w.org\/{rel}","templated":true}]}}