{"id":464315,"date":"2023-05-18T15:39:15","date_gmt":"2023-05-18T13:39:15","guid":{"rendered":"https:\/\/lucacastelli.com\/prodotto\/stema-cmp-30\/"},"modified":"2025-08-05T13:42:58","modified_gmt":"2025-08-05T11:42:58","slug":"stema-cmp-30","status":"publish","type":"product","link":"https:\/\/lucacastelli.com\/de\/produkt\/stema-cmp-30\/","title":{"rendered":"STEMA CMP 30"},"content":{"rendered":"<p>Ein handliches Spr\u00fchger\u00e4t f\u00fcr den professionellen und privaten Gebrauch. Ausgestattet mit zwei R\u00e4dern, einfach zu<br \/>\nleicht zu ziehen, auch auf Treppen. <\/p>\n<p>Einsatzbereich \/ Field of application zum Spritzen von Blumen, Str\u00e4uchern, Pflanzen, Reben, Obstb\u00e4umen<br \/>\netc.<br \/>\nAusr\u00fcstung \/ Equipment completely equipped with 8 m Hochdruckschlauch u. verstellbarer Spritzlanze BR2\/<br \/>\nkomplett: 8 m Hochdruckschlauch und verstellbare Lanze BR2<br \/>\nRahmen \/ Cadre stabiler, gut lackierter Rohrrahmen \/ tubul\u00e4r, robust und sorgf\u00e4ltig lackiert<br \/>\nBeh\u00e4lterinhalt \/ Produkttank 30 l<br \/>\nAblasshahn \/ Purgeur f\u00fcr Totalentleerung des Beh\u00e4lters \/ for total tank emptying<br \/>\nPumpe \/ Pump legiertes Alu-Gussgeh\u00e4use, stufenlose Druckeinstellung, wahlweise mit:<br \/>\n&#8211; Elektrische Pumpe 230 V, 20l\/min, 0 &#8211; 25 bar<br \/>\n&#8211; 4-Takt-Benzinpumpe 3,5 PS OHV, 20l\/min, 0 &#8211; 25 bar<br \/>\nAluminium-Gussgeh\u00e4use, stufenlose Druckeinstellung, optional mit<br \/>\n&#8211; elektrische Pumpe, 230 V, 20 l\/min, 0-25 bar<br \/>\n&#8211; Pumpe mit 4-Takt B&amp;S 3,5 PS OHV Benzinmotor, 25 l\/min, 0-25 bar<br \/>\nAbmessung \/ Abmessungen L 65 cm, B 55 cm, H 95 cm<\/p>\n","protected":false},"excerpt":{"rendered":"<p>Ein handliches Spr\u00fchger\u00e4t f\u00fcr den professionellen und privaten Gebrauch. Ausgestattet mit zwei R\u00e4dern, einfach zu leicht zu ziehen, auch auf<\/p>\n","protected":false},"featured_media":55367,"template":"","meta":{"_seopress_robots_primary_cat":"","_seopress_titles_title":"","_seopress_titles_desc":"","_seopress_robots_index":""},"product_brand":[4711],"product_cat":[169,1566,1577],"product_tag":[],"class_list":{"0":"post-464315","1":"product","2":"type-product","3":"status-publish","4":"has-post-thumbnail","6":"product_brand-stema-de","7":"product_cat-maschinen","8":"product_cat-nebelgeblase-und-spruhgerate","9":"product_cat-spruhgerate-de","11":"first","12":"onbackorder","13":"shipping-taxable","14":"purchasable","15":"product-type-variable"},"_links":{"self":[{"href":"https:\/\/lucacastelli.com\/de\/wp-json\/wp\/v2\/product\/464315","targetHints":{"allow":["GET"]}}],"collection":[{"href":"https:\/\/lucacastelli.com\/de\/wp-json\/wp\/v2\/product"}],"about":[{"href":"https:\/\/lucacastelli.com\/de\/wp-json\/wp\/v2\/types\/product"}],"wp:featuredmedia":[{"embeddable":true,"href":"https:\/\/lucacastelli.com\/de\/wp-json\/wp\/v2\/media\/55367"}],"wp:attachment":[{"href":"https:\/\/lucacastelli.com\/de\/wp-json\/wp\/v2\/media?parent=464315"}],"wp:term":[{"taxonomy":"product_brand","embeddable":true,"href":"https:\/\/lucacastelli.com\/de\/wp-json\/wp\/v2\/product_brand?post=464315"},{"taxonomy":"product_cat","embeddable":true,"href":"https:\/\/lucacastelli.com\/de\/wp-json\/wp\/v2\/product_cat?post=464315"},{"taxonomy":"product_tag","embeddable":true,"href":"https:\/\/lucacastelli.com\/de\/wp-json\/wp\/v2\/product_tag?post=464315"}],"curies":[{"name":"wp","href":"https:\/\/api.w.org\/{rel}","templated":true}]}}