{"id":464310,"date":"2023-05-18T15:40:45","date_gmt":"2023-05-18T13:40:45","guid":{"rendered":"https:\/\/lucacastelli.com\/prodotto\/stema-cmp-50\/"},"modified":"2025-08-05T13:43:14","modified_gmt":"2025-08-05T11:43:14","slug":"stema-cmp-50","status":"publish","type":"product","link":"https:\/\/lucacastelli.com\/de\/produkt\/stema-cmp-50\/","title":{"rendered":"STEMA CMP 50"},"content":{"rendered":"<p>Die leichte und robuste 2 Rad-Spritze ist f\u00fcr den professionellen und privaten Einsatz konzipiert. Die 2 R\u00e4der<br \/>\nund die 2 St\u00fctzf\u00fcsse sorgen daf\u00fcr, dass die Spritze auch bei Dunkelheit sicher steht. <\/p>\n<p>Ein praktisches und wendiges Spr\u00fchger\u00e4t mit zwei R\u00e4dern f\u00fcr den professionellen und privaten Gebrauch. Die zwei R\u00e4der<br \/>\nDie zwei R\u00e4der und zwei St\u00fctzf\u00fc\u00dfe garantieren die Stabilit\u00e4t der Maschine auch auf unebenem Boden. <\/p>\n<p>Einsatzbereich \/ Field of application zum Spritzen von Blumen, Str\u00e4uchern, Pflanzen, Reben und Fruchtb\u00e4umen usw. \/ flowers, shrubs, plants, vines, fruit trees, etc.<br \/>\nRahmen \/ Cadre stabiler, dauerhaft lackierter Rohrrahmen \/ tubul\u00e4r, robust und sorgf\u00e4ltig lackiert<br \/>\nAusr\u00fcstung \/ Equipment komplett ausger\u00fcstet mit Hochdruckschlauch und verstellbarer Spritzlanze \/ complete with high-pressure hose and adjustable spray lance<br \/>\nSpritzschlauch \/ Schlauch 10 m Hochdruckschlauch oder L\u00e4nge nach Bedarf \/ 10 m oder mehr auf Anfrage<br \/>\nBeh\u00e4lterinhalt \/ Produkttank 50 l<br \/>\nAnsaugfilter \/ Suction filter aussen montiert und leicht zu reinigen, totale Beh\u00e4lterentleerung \u00fcber Pumpe\/<br \/>\nau\u00dfenliegend, leicht zu reinigen, vollst\u00e4ndige Entleerung des Tanks \u00fcber eine Pumpe<br \/>\nAblasshahn \/ Purgeur f\u00fcr Totalentleerung des Beh\u00e4lters \/ for total tank emptying<br \/>\nPumpe \/ Pompe legiertes Alu-Gussgeh\u00e4use, stufenlose Druckeinstellung, Schnellentlastung und Manometer,<br \/>\nmit:<br \/>\n&#8211; Elektromotorpumpe 230 V, 26l\/min, 0 &#8211; 30 bar<br \/>\n&#8211; 4-Takt-Motorpumpe 3,5 PS OHV, 25l\/min, 0 &#8211; 25 bar<br \/>\n&#8211; Motorpumpe 4-Takt 3,5 PS OHV, 35l\/min, 0 &#8211; 35 bar<br \/>\nGeh\u00e4use aus Aluminiumguss, stufenlose Druckeinstellung, Schnellspray und Manometer,<br \/>\nwahlweise mit:<br \/>\n&#8211; elektrische Pumpe, 230 V, 26 l\/min, 0 &#8211; 30 bar<br \/>\n&#8211; Pumpe mit 4-Takt B&amp;S 3,5 PS OHV Benzinmotor, 25 l\/min, 0 &#8211; 25 bar<br \/>\n&#8211; Pumpe mit 4-Takt B&amp;S 3,5 PS OHV Benzinmotor, 35 l\/min, 0 &#8211; 35 bar<\/p>\n","protected":false},"excerpt":{"rendered":"<p>Die leichte und robuste 2 Rad-Spritze ist f\u00fcr den professionellen und privaten Einsatz konzipiert. Die 2 R\u00e4der und die 2<\/p>\n","protected":false},"featured_media":55382,"template":"","meta":{"_seopress_robots_primary_cat":"","_seopress_titles_title":"","_seopress_titles_desc":"","_seopress_robots_index":""},"product_brand":[4711],"product_cat":[169,1566,1577],"product_tag":[],"class_list":{"0":"post-464310","1":"product","2":"type-product","3":"status-publish","4":"has-post-thumbnail","6":"product_brand-stema-de","7":"product_cat-maschinen","8":"product_cat-nebelgeblase-und-spruhgerate","9":"product_cat-spruhgerate-de","11":"first","12":"onbackorder","13":"shipping-taxable","14":"purchasable","15":"product-type-variable"},"_links":{"self":[{"href":"https:\/\/lucacastelli.com\/de\/wp-json\/wp\/v2\/product\/464310","targetHints":{"allow":["GET"]}}],"collection":[{"href":"https:\/\/lucacastelli.com\/de\/wp-json\/wp\/v2\/product"}],"about":[{"href":"https:\/\/lucacastelli.com\/de\/wp-json\/wp\/v2\/types\/product"}],"wp:featuredmedia":[{"embeddable":true,"href":"https:\/\/lucacastelli.com\/de\/wp-json\/wp\/v2\/media\/55382"}],"wp:attachment":[{"href":"https:\/\/lucacastelli.com\/de\/wp-json\/wp\/v2\/media?parent=464310"}],"wp:term":[{"taxonomy":"product_brand","embeddable":true,"href":"https:\/\/lucacastelli.com\/de\/wp-json\/wp\/v2\/product_brand?post=464310"},{"taxonomy":"product_cat","embeddable":true,"href":"https:\/\/lucacastelli.com\/de\/wp-json\/wp\/v2\/product_cat?post=464310"},{"taxonomy":"product_tag","embeddable":true,"href":"https:\/\/lucacastelli.com\/de\/wp-json\/wp\/v2\/product_tag?post=464310"}],"curies":[{"name":"wp","href":"https:\/\/api.w.org\/{rel}","templated":true}]}}