{"id":464309,"date":"2023-05-19T06:30:07","date_gmt":"2023-05-19T04:30:07","guid":{"rendered":"https:\/\/lucacastelli.com\/prodotto\/stema-cmp-100\/"},"modified":"2025-08-05T13:43:18","modified_gmt":"2025-08-05T11:43:18","slug":"stema-cmp-100","status":"publish","type":"product","link":"https:\/\/lucacastelli.com\/de\/produkt\/stema-cmp-100\/","title":{"rendered":"STEMA CMP 100"},"content":{"rendered":"<p>Das stabile Spr\u00fchger\u00e4t mit 2 gro\u00dfen R\u00e4dern und 2 St\u00fctzf\u00fc\u00dfen f\u00fcr sicheren Stand auf jedem Terrain. Der<br \/>\nrobuste Rahmen und die langlebigen Motorpumpen sind f\u00fcr den Einsatz im gewerblichen und privaten Bereich gedacht.<br \/>\nprivat. <\/p>\n<p>Stabiles Spr\u00fchger\u00e4t auf jedem Terrain, dank seiner zwei gro\u00dfen R\u00e4der und zwei St\u00fctzf\u00fc\u00dfe. Seine<br \/>\nrobuste ch\u00e2ssis und seine langlebige motorbetriebene Pumpe sind ein Werkzeug f\u00fcr den professionellen und privaten Gebrauch. <\/p>\n<p>Anwendungsgebiet \/ Domaine d&#8217;utilisation zum Bespr\u00fchen von Blumen, Str\u00e4uchern, Pflanzen, Weinreben, Obstb\u00e4umen usw.<br \/>\nObstb\u00e4ume, etc. \/ fleurs, arbustes, plantes, vignes, arbres fruitiers, etc.<br \/>\nRahmen \/ Cadre sturdy tubular frame with resistant lacquer finish \/ tubulaire, robuste et soigneusement verni<br \/>\nAusr\u00fcstung \/ \u00c9quipement komplett ausger\u00fcstet mit Hochdruckschlauch und verstellbarer Spritzlanze \/ complet: tuyau \u00e0 haute pression et lance de pulv\u00e9risation r\u00e9glable BR4<br \/>\nSpritzschlauch \/ Tuyau 10 m Hochdruckschlauch oder L\u00e4nge nach Bedarf \/ 10 m ou plus sur demande<br \/>\nTankinhalt \/ R\u00e9servoir \u00e0 produit 100 l<br \/>\nAu\u00dfenliegender, leicht zu reinigender Saugfilter \/ Filtre d&#8217;aspiration, vollst\u00e4ndige Entleerung \u00fcber Pumpe \/<br \/>\nau\u00dfenliegend, leicht zu reinigen, vollst\u00e4ndige Entleerung des Tanks \u00fcber eine Pumpe<br \/>\nAblasshahn \/ Purgeur pour la vidange totale du r\u00e9servoir \/ pour la vidange totale du r\u00e9servoir<br \/>\nPumpen \/ Geh\u00e4use aus Aluminiumgusslegierung, stufenlose Druckregelung, Schnellentl\u00fcftung und Manometer,<br \/>\n  wahlweise mit:<br \/>\n&#8211; Elektrische Pumpe 230 V, 26l\/min, 0 &#8211; 30 bar<br \/>\n&#8211; 4-Takt-Benzinpumpe 3,5 PS OHV 35l\/min, 0 &#8211; 35 bar<br \/>\n&#8211; 4-Takt-Benzinpumpe 5,5 PS OHV 41l\/min, 0 &#8211; 40 bar<br \/>\nAluminiumgeh\u00e4use, kontinuierliche Druckregelung, schnelles Pumpen und<br \/>\nManipulation, wahlweise mit:<br \/>\n&#8211; elektrische Pumpe, 230 V, 26 l\/min, 0-30 bar<br \/>\n&#8211; Pumpe ausgestattet mit einem B&amp;S 3,5 PS OHV 4-Takt-Motor, 35 l\/min, 0 &#8211; 35 bar<br \/>\n&#8211; Pumpe ausgestattet mit einem B&amp;S 5,5 PS OHV 4-Takt-Essenzmotor, 41 l\/min, 0 &#8211; 40 bar<br \/>\nAbmessung \/ Abmessungen L 165 cm, B 75 cm, H 102 cm<\/p>\n","protected":false},"excerpt":{"rendered":"<p>Das stabile Spr\u00fchger\u00e4t mit 2 gro\u00dfen R\u00e4dern und 2 St\u00fctzf\u00fc\u00dfen f\u00fcr sicheren Stand auf jedem Terrain. Der robuste Rahmen und<\/p>\n","protected":false},"featured_media":55402,"template":"","meta":{"_seopress_robots_primary_cat":"","_seopress_titles_title":"","_seopress_titles_desc":"","_seopress_robots_index":""},"product_brand":[4711],"product_cat":[169,1566,1577],"product_tag":[],"class_list":{"0":"post-464309","1":"product","2":"type-product","3":"status-publish","4":"has-post-thumbnail","6":"product_brand-stema-de","7":"product_cat-maschinen","8":"product_cat-nebelgeblase-und-spruhgerate","9":"product_cat-spruhgerate-de","11":"first","12":"onbackorder","13":"shipping-taxable","14":"purchasable","15":"product-type-variable"},"_links":{"self":[{"href":"https:\/\/lucacastelli.com\/de\/wp-json\/wp\/v2\/product\/464309","targetHints":{"allow":["GET"]}}],"collection":[{"href":"https:\/\/lucacastelli.com\/de\/wp-json\/wp\/v2\/product"}],"about":[{"href":"https:\/\/lucacastelli.com\/de\/wp-json\/wp\/v2\/types\/product"}],"wp:featuredmedia":[{"embeddable":true,"href":"https:\/\/lucacastelli.com\/de\/wp-json\/wp\/v2\/media\/55402"}],"wp:attachment":[{"href":"https:\/\/lucacastelli.com\/de\/wp-json\/wp\/v2\/media?parent=464309"}],"wp:term":[{"taxonomy":"product_brand","embeddable":true,"href":"https:\/\/lucacastelli.com\/de\/wp-json\/wp\/v2\/product_brand?post=464309"},{"taxonomy":"product_cat","embeddable":true,"href":"https:\/\/lucacastelli.com\/de\/wp-json\/wp\/v2\/product_cat?post=464309"},{"taxonomy":"product_tag","embeddable":true,"href":"https:\/\/lucacastelli.com\/de\/wp-json\/wp\/v2\/product_tag?post=464309"}],"curies":[{"name":"wp","href":"https:\/\/api.w.org\/{rel}","templated":true}]}}