{"id":464286,"date":"2023-05-19T06:31:58","date_gmt":"2023-05-19T04:31:58","guid":{"rendered":"https:\/\/lucacastelli.com\/prodotto\/stema-cmp-200\/"},"modified":"2025-08-05T13:43:14","modified_gmt":"2025-08-05T11:43:14","slug":"stema-cmp-200","status":"publish","type":"product","link":"https:\/\/lucacastelli.com\/de\/produkt\/stema-cmp-200\/","title":{"rendered":"STEMA CMP 200"},"content":{"rendered":"<p>Gro\u00dfe Karrenspritze mit viel Inhalt. Stabiler Rohrrahmen mit grossen R\u00e4dern f\u00fcr leichtes Schieben und einem<br \/>\nSt\u00fctzfuss f\u00fcr einen sehr guten Stand. Leichtere Handhabung durch die ideale Haltestruktur, auch bei Eisdielen.  <\/p>\n<p>Gro\u00dfes Spr\u00fchger\u00e4t mit gro\u00dfem Tankinhalt. Robuster Rohrrahmen mit gro\u00dfen R\u00e4dern f\u00fcr leichtes Bewegen.<br \/>\nf\u00fcr leichtes Bewegen und ein St\u00fctzfu\u00df f\u00fcr Stabilit\u00e4t. Optimale Gewichtsverteilung verhindert das<br \/>\nOptimale Gewichtsverteilung verhindert das Umkippen der Maschine auch auf unebenem Boden.  <\/p>\n<p>Einsatzbereich \/ Field of application G\u00e4rtnerei, Baumschule, Obstbau, Weinbau, Gem\u00fcsebau \/ horticulture companies, nurseries, orchards, vineyards, horticulture<br \/>\nRahmen \/ Cadre stabiler Stahlrohrrahmen mit Einbrennlackierung \/ rohrf\u00f6rmig, robust und sorgf\u00e4ltig lackiert<br \/>\nBereifung \/ wheels gro\u00dfe R\u00e4der 4.00 &#8211; 10 mit Kugellager \/ large wheels with ball bearings<br \/>\nAusr\u00fcstung \/ Equipment with Einhand-Spritzlanze BR4 \/ BR4 single-handed spray lance<br \/>\nSpritzschlauch \/ Tuyau 10 m Hochdruckschlauch oder L\u00e4nge nach Bedarf \/ high pressure, 10 m or more on<br \/>\n  auf Anfrage<br \/>\nBeh\u00e4lterinhalt \/ Produkttank 200 l<br \/>\nAnsaugfilter \/ Suction filter aussen montiert und leicht zu reinigen, mit Totalentleerung \u00fcber Pumpe \/<br \/>\nau\u00dfenliegend, leicht zu reinigen, vollst\u00e4ndige Entleerung des Tanks \u00fcber eine Pumpe<br \/>\nAblasshahn \/ Purgeur f\u00fcr Totalentleerung des Beh\u00e4lters \/ for total tank emptying<br \/>\nPumpe \/ Pompe mit legiertem Alu-Gussgeh\u00e4use, stufenloser Druckeinstellung, Schnellentlastung und<br \/>\nManometer, auch mit:<br \/>\n&#8211; Elektrische Pumpe 230 V, 26 l\/min, 0 &#8211; 30 bar<br \/>\n&#8211; 4-Takt-Benzinmotor 3,5 PS OHV, 35 l\/min, 0 &#8211; 35 bar<br \/>\n&#8211; Motor Benzinmotor 4-Takt 5,5 PS OHV, 41 l\/min, 0 &#8211; 40 bar<br \/>\nGeh\u00e4use aus Aluminiumguss, stufenlose Druckeinstellung, Schnellspray und Manometer,<br \/>\nwahlweise mit:<br \/>\n&#8211; elektrische Pumpe, 230 V, 26 l\/min, 0-30 bar<br \/>\n  &#8211; Pumpe mit 4-Takt B&amp;S 3,5 PS OHV Benzinmotor, 35 l\/min, 0 &#8211; 35 bar<br \/>\n  &#8211; Pumpe mit 4-Takt B&amp;S 5,5 PS OHV Benzinmotor, 41 l\/min, 0 &#8211; 40 bar<\/p>\n","protected":false},"excerpt":{"rendered":"<p>Gro\u00dfe Karrenspritze mit viel Inhalt. Stabiler Rohrrahmen mit grossen R\u00e4dern f\u00fcr leichtes Schieben und einem St\u00fctzfuss f\u00fcr einen sehr guten<\/p>\n","protected":false},"featured_media":55422,"template":"","meta":{"_seopress_robots_primary_cat":"","_seopress_titles_title":"","_seopress_titles_desc":"","_seopress_robots_index":""},"product_brand":[4711],"product_cat":[169,1566,1577],"product_tag":[],"class_list":{"0":"post-464286","1":"product","2":"type-product","3":"status-publish","4":"has-post-thumbnail","6":"product_brand-stema-de","7":"product_cat-maschinen","8":"product_cat-nebelgeblase-und-spruhgerate","9":"product_cat-spruhgerate-de","11":"first","12":"onbackorder","13":"shipping-taxable","14":"purchasable","15":"product-type-variable"},"_links":{"self":[{"href":"https:\/\/lucacastelli.com\/de\/wp-json\/wp\/v2\/product\/464286","targetHints":{"allow":["GET"]}}],"collection":[{"href":"https:\/\/lucacastelli.com\/de\/wp-json\/wp\/v2\/product"}],"about":[{"href":"https:\/\/lucacastelli.com\/de\/wp-json\/wp\/v2\/types\/product"}],"wp:featuredmedia":[{"embeddable":true,"href":"https:\/\/lucacastelli.com\/de\/wp-json\/wp\/v2\/media\/55422"}],"wp:attachment":[{"href":"https:\/\/lucacastelli.com\/de\/wp-json\/wp\/v2\/media?parent=464286"}],"wp:term":[{"taxonomy":"product_brand","embeddable":true,"href":"https:\/\/lucacastelli.com\/de\/wp-json\/wp\/v2\/product_brand?post=464286"},{"taxonomy":"product_cat","embeddable":true,"href":"https:\/\/lucacastelli.com\/de\/wp-json\/wp\/v2\/product_cat?post=464286"},{"taxonomy":"product_tag","embeddable":true,"href":"https:\/\/lucacastelli.com\/de\/wp-json\/wp\/v2\/product_tag?post=464286"}],"curies":[{"name":"wp","href":"https:\/\/api.w.org\/{rel}","templated":true}]}}