{"id":464281,"date":"2024-02-28T20:57:42","date_gmt":"2024-02-28T19:57:42","guid":{"rendered":"https:\/\/lucacastelli.com\/prodotto\/akku-rucksack-spruehgeraet-basisgeraet-m18bpfph-401\/"},"modified":"2024-02-28T20:57:42","modified_gmt":"2024-02-28T19:57:42","slug":"akku-rucksack-spruehgeraet-basisgeraet-m18bpfph-401","status":"publish","type":"product","link":"https:\/\/lucacastelli.com\/de\/produkt\/akku-rucksack-spruehgeraet-basisgeraet-m18bpfph-401\/","title":{"rendered":"Akku-Rucksack-Spr\u00fchger\u00e4t &#8211; Basisger\u00e4t M18BPFPH-401"},"content":{"rendered":"<p>SWITCH TANK TM Modularer Aufbau: Eine Basis kann aufgrund ihrer Vielseitigkeit mit mehreren Tanks verwendet werden.<br \/>\nMit einstellbarer Druckw\u00e4hlscheibe, um den Bed\u00fcrfnissen des Benutzers bestm\u00f6glich gerecht zu werden<br \/>\nZus\u00e4tzliche, austauschbare Tankbaugruppe zur Vermeidung chemischer Kontamination<br \/>\nAustauschbare Tankbaugruppe senkt die Betriebskosten<br \/>\nSofortiger, konstanter und einstellbarer Druck f\u00fcr maximale Kontrolle<br \/>\nDer 5-Modus-Druckeinstellknopf stellt den Druck zwischen 20 und 120 PSI ein und erm\u00f6glicht so eine Vielzahl von Anwendungen<br \/>\nBis zu 120 PSI (8,3 bar) und 25&#8221; Spr\u00fchabstand<br \/>\nAutonomie: bis zu 12 Tanks pro Ladung mit M18\u2122 REDLITHIUM\u2122 XC3.0 Akku<br \/>\nKritische Dichtungen: Viton\u00ae f\u00fcr erh\u00f6hte chemische Best\u00e4ndigkeit<br \/>\nDoppelmembranpumpe: f\u00fcr eine l\u00e4ngere Lebensdauer der Pumpe<br \/>\nGro\u00dfe Hals\u00f6ffnung und Filter: f\u00fcr leichteres und abfallfreies Ausgie\u00dfen<br \/>\nBreite Tr\u00e4ger f\u00fcr mehr Komfort bei l\u00e4ngeren Arbeitszyklen<br \/>\nTragegriff f\u00fcr bequemen Transport und Lagerung<br \/>\nAustauschbare Tanks, ohne manuelles Pumpen<\/p>\n<p>Technische Daten:<br \/>\nL\u00e4nge: 25 cm<br \/>\nBreite: 33 cm<br \/>\nM18<br \/>\nAkkusystem Gewicht: 7,4 kg<br \/>\nH\u00f6he: 55 cm<br \/>\nBatteriebetrieben<\/p>\n<p>Lieferumfang<br \/>\nAkku-R\u00fcckenspr\u00fchger\u00e4t &#8211; Grundger\u00e4t<br \/>\n1x 4Ah 18V<br \/>\nAkkuladeger\u00e4t M12-18C<br \/>\nACHTUNG: ohne Tank<\/p>\n","protected":false},"excerpt":{"rendered":"<p>SWITCH TANK TM Modularer Aufbau: Eine Basis kann aufgrund ihrer Vielseitigkeit mit mehreren Tanks verwendet werden. Mit einstellbarer Druckw\u00e4hlscheibe, um<\/p>\n","protected":false},"featured_media":57744,"template":"","meta":{"_seopress_robots_primary_cat":"","_seopress_titles_title":"","_seopress_titles_desc":"","_seopress_robots_index":""},"product_brand":[3656],"product_cat":[169,1566,1577],"product_tag":[],"class_list":{"0":"post-464281","1":"product","2":"type-product","3":"status-publish","4":"has-post-thumbnail","6":"product_brand-milwaukee-de","7":"product_cat-maschinen","8":"product_cat-nebelgeblase-und-spruhgerate","9":"product_cat-spruhgerate-de","11":"first","12":"onbackorder","13":"shipping-taxable","14":"purchasable","15":"product-type-simple"},"_links":{"self":[{"href":"https:\/\/lucacastelli.com\/de\/wp-json\/wp\/v2\/product\/464281","targetHints":{"allow":["GET"]}}],"collection":[{"href":"https:\/\/lucacastelli.com\/de\/wp-json\/wp\/v2\/product"}],"about":[{"href":"https:\/\/lucacastelli.com\/de\/wp-json\/wp\/v2\/types\/product"}],"wp:featuredmedia":[{"embeddable":true,"href":"https:\/\/lucacastelli.com\/de\/wp-json\/wp\/v2\/media\/57744"}],"wp:attachment":[{"href":"https:\/\/lucacastelli.com\/de\/wp-json\/wp\/v2\/media?parent=464281"}],"wp:term":[{"taxonomy":"product_brand","embeddable":true,"href":"https:\/\/lucacastelli.com\/de\/wp-json\/wp\/v2\/product_brand?post=464281"},{"taxonomy":"product_cat","embeddable":true,"href":"https:\/\/lucacastelli.com\/de\/wp-json\/wp\/v2\/product_cat?post=464281"},{"taxonomy":"product_tag","embeddable":true,"href":"https:\/\/lucacastelli.com\/de\/wp-json\/wp\/v2\/product_tag?post=464281"}],"curies":[{"name":"wp","href":"https:\/\/api.w.org\/{rel}","templated":true}]}}