{"id":464276,"date":"2025-05-31T22:47:03","date_gmt":"2025-05-31T20:47:03","guid":{"rendered":"https:\/\/lucacastelli.com\/prodotto\/verlaengerungshuelse-fuer-sr-430-sr-450\/"},"modified":"2025-06-28T19:40:04","modified_gmt":"2025-06-28T17:40:04","slug":"verlaengerungshuelse-fuer-sr-430-sr-450","status":"publish","type":"product","link":"https:\/\/lucacastelli.com\/de\/produkt\/verlaengerungshuelse-fuer-sr-430-sr-450\/","title":{"rendered":"STIHL Verl\u00e4ngerungsh\u00fclse f\u00fcr SR 430, SR 450"},"content":{"rendered":"<p>Um 33 cm verl\u00e4ngern. das Dosierrohr. Wir empfehlen die Verwendung mit Druckpumpe, f\u00fcr SR 430, SR 450.<br \/>\n795711886219 <\/p>\n","protected":false},"excerpt":{"rendered":"<p>Verl\u00e4ngerungsh\u00fclse f\u00fcr SR 430, SR 450<\/p>\n","protected":false},"featured_media":423121,"template":"","meta":{"_seopress_robots_primary_cat":"","_seopress_titles_title":"","_seopress_titles_desc":"","_seopress_robots_index":""},"product_brand":[3554],"product_cat":[169,1572,1566],"product_tag":[3266],"class_list":{"0":"post-464276","1":"product","2":"type-product","3":"status-publish","4":"has-post-thumbnail","6":"product_brand-stihl-de","7":"product_cat-maschinen","8":"product_cat-motorbetriebene-spruhgerate","9":"product_cat-nebelgeblase-und-spruhgerate","10":"product_tag-import-stihl-de","11":"sws-gruppo-macchinari-de","12":"sws-conto-ricavi-merci-rivendita-macchinari-de","13":"sws-gruppo-iva-iva81-de","15":"first","16":"onbackorder","17":"purchasable","18":"product-type-simple"},"_links":{"self":[{"href":"https:\/\/lucacastelli.com\/de\/wp-json\/wp\/v2\/product\/464276","targetHints":{"allow":["GET"]}}],"collection":[{"href":"https:\/\/lucacastelli.com\/de\/wp-json\/wp\/v2\/product"}],"about":[{"href":"https:\/\/lucacastelli.com\/de\/wp-json\/wp\/v2\/types\/product"}],"wp:featuredmedia":[{"embeddable":true,"href":"https:\/\/lucacastelli.com\/de\/wp-json\/wp\/v2\/media\/423121"}],"wp:attachment":[{"href":"https:\/\/lucacastelli.com\/de\/wp-json\/wp\/v2\/media?parent=464276"}],"wp:term":[{"taxonomy":"product_brand","embeddable":true,"href":"https:\/\/lucacastelli.com\/de\/wp-json\/wp\/v2\/product_brand?post=464276"},{"taxonomy":"product_cat","embeddable":true,"href":"https:\/\/lucacastelli.com\/de\/wp-json\/wp\/v2\/product_cat?post=464276"},{"taxonomy":"product_tag","embeddable":true,"href":"https:\/\/lucacastelli.com\/de\/wp-json\/wp\/v2\/product_tag?post=464276"}],"curies":[{"name":"wp","href":"https:\/\/api.w.org\/{rel}","templated":true}]}}