{"id":464271,"date":"2025-05-31T22:48:17","date_gmt":"2025-05-31T20:48:17","guid":{"rendered":"https:\/\/lucacastelli.com\/prodotto\/verlaengerungshuelse-15-cm\/"},"modified":"2025-06-28T19:40:08","modified_gmt":"2025-06-28T17:40:08","slug":"verlaengerungshuelse-15-cm","status":"publish","type":"product","link":"https:\/\/lucacastelli.com\/de\/produkt\/verlaengerungshuelse-15-cm\/","title":{"rendered":"STIHL Verl\u00e4ngerungsh\u00fclse 15 cm"},"content":{"rendered":"<p>Ideal f\u00fcr die Behandlung schwer zug\u00e4nglicher Pflanzen wie Dornenhecken oder Rosen mit dem Handspr\u00fchger\u00e4t.<br \/>\n795711481391<\/p>\n","protected":false},"excerpt":{"rendered":"<p>Verl\u00e4ngerungsh\u00fclse 15 cm<\/p>\n","protected":false},"featured_media":423142,"template":"","meta":{"_seopress_robots_primary_cat":"","_seopress_titles_title":"","_seopress_titles_desc":"","_seopress_robots_index":""},"product_brand":[3554],"product_cat":[169,1566,1517,1577],"product_tag":[3266],"class_list":{"0":"post-464271","1":"product","2":"type-product","3":"status-publish","4":"has-post-thumbnail","6":"product_brand-stihl-de","7":"product_cat-maschinen","8":"product_cat-nebelgeblase-und-spruhgerate","9":"product_cat-spruhgerate","10":"product_cat-spruhgerate-de","11":"product_tag-import-stihl-de","12":"sws-gruppo-macchinari-de","13":"sws-conto-ricavi-merci-rivendita-macchinari-de","14":"sws-gruppo-iva-iva81-de","16":"first","17":"onbackorder","18":"purchasable","19":"product-type-simple"},"_links":{"self":[{"href":"https:\/\/lucacastelli.com\/de\/wp-json\/wp\/v2\/product\/464271","targetHints":{"allow":["GET"]}}],"collection":[{"href":"https:\/\/lucacastelli.com\/de\/wp-json\/wp\/v2\/product"}],"about":[{"href":"https:\/\/lucacastelli.com\/de\/wp-json\/wp\/v2\/types\/product"}],"wp:featuredmedia":[{"embeddable":true,"href":"https:\/\/lucacastelli.com\/de\/wp-json\/wp\/v2\/media\/423142"}],"wp:attachment":[{"href":"https:\/\/lucacastelli.com\/de\/wp-json\/wp\/v2\/media?parent=464271"}],"wp:term":[{"taxonomy":"product_brand","embeddable":true,"href":"https:\/\/lucacastelli.com\/de\/wp-json\/wp\/v2\/product_brand?post=464271"},{"taxonomy":"product_cat","embeddable":true,"href":"https:\/\/lucacastelli.com\/de\/wp-json\/wp\/v2\/product_cat?post=464271"},{"taxonomy":"product_tag","embeddable":true,"href":"https:\/\/lucacastelli.com\/de\/wp-json\/wp\/v2\/product_tag?post=464271"}],"curies":[{"name":"wp","href":"https:\/\/api.w.org\/{rel}","templated":true}]}}