{"id":464266,"date":"2025-05-31T22:48:42","date_gmt":"2025-05-31T20:48:42","guid":{"rendered":"https:\/\/lucacastelli.com\/prodotto\/gabelduese-fuer-sg-20\/"},"modified":"2025-06-28T19:40:16","modified_gmt":"2025-06-28T17:40:16","slug":"gabelduese-fuer-sg-20","status":"publish","type":"product","link":"https:\/\/lucacastelli.com\/de\/produkt\/gabelduese-fuer-sg-20\/","title":{"rendered":"STIHL Gabeld\u00fcse f\u00fcr SG 20"},"content":{"rendered":"<p>Ideal f\u00fcr die Behandlung von gro\u00dfen Fl\u00e4chen oder zwei Blumenbeeten gleichzeitig, individuelle Einstellung der D\u00fcsenrichtung.<br \/>\n795711532352<\/p>\n","protected":false},"excerpt":{"rendered":"<p>Gabeld\u00fcse f\u00fcr SG 20<\/p>\n","protected":false},"featured_media":423152,"template":"","meta":{"_seopress_robots_primary_cat":"","_seopress_titles_title":"","_seopress_titles_desc":"","_seopress_robots_index":""},"product_brand":[3554],"product_cat":[169,1566,1517,1577],"product_tag":[3266],"class_list":{"0":"post-464266","1":"product","2":"type-product","3":"status-publish","4":"has-post-thumbnail","6":"product_brand-stihl-de","7":"product_cat-maschinen","8":"product_cat-nebelgeblase-und-spruhgerate","9":"product_cat-spruhgerate","10":"product_cat-spruhgerate-de","11":"product_tag-import-stihl-de","12":"sws-gruppo-macchinari-de","13":"sws-conto-ricavi-merci-rivendita-macchinari-de","14":"sws-gruppo-iva-iva81-de","16":"first","17":"onbackorder","18":"purchasable","19":"product-type-simple"},"_links":{"self":[{"href":"https:\/\/lucacastelli.com\/de\/wp-json\/wp\/v2\/product\/464266","targetHints":{"allow":["GET"]}}],"collection":[{"href":"https:\/\/lucacastelli.com\/de\/wp-json\/wp\/v2\/product"}],"about":[{"href":"https:\/\/lucacastelli.com\/de\/wp-json\/wp\/v2\/types\/product"}],"wp:featuredmedia":[{"embeddable":true,"href":"https:\/\/lucacastelli.com\/de\/wp-json\/wp\/v2\/media\/423152"}],"wp:attachment":[{"href":"https:\/\/lucacastelli.com\/de\/wp-json\/wp\/v2\/media?parent=464266"}],"wp:term":[{"taxonomy":"product_brand","embeddable":true,"href":"https:\/\/lucacastelli.com\/de\/wp-json\/wp\/v2\/product_brand?post=464266"},{"taxonomy":"product_cat","embeddable":true,"href":"https:\/\/lucacastelli.com\/de\/wp-json\/wp\/v2\/product_cat?post=464266"},{"taxonomy":"product_tag","embeddable":true,"href":"https:\/\/lucacastelli.com\/de\/wp-json\/wp\/v2\/product_tag?post=464266"}],"curies":[{"name":"wp","href":"https:\/\/api.w.org\/{rel}","templated":true}]}}