{"id":464259,"date":"2025-06-01T00:39:28","date_gmt":"2025-05-31T22:39:28","guid":{"rendered":"https:\/\/lucacastelli.com\/prodotto\/ulv-duesen-set-2\/"},"modified":"2025-06-28T19:10:02","modified_gmt":"2025-06-28T17:10:02","slug":"ulv-duesen-set-2","status":"publish","type":"product","link":"https:\/\/lucacastelli.com\/de\/produkt\/ulv-duesen-set-2\/","title":{"rendered":"STIHL ULV-D\u00fcsen-Set"},"content":{"rendered":"<p>Ideal f\u00fcr eine optimale Verteilung des Pestizids, um es in sehr feine Tr\u00f6pfchen zu zerst\u00e4uben.<br \/>\n795711160142<\/p>\n","protected":false},"excerpt":{"rendered":"<p>ULV-D\u00fcsen-Set<\/p>\n","protected":false},"featured_media":430535,"template":"","meta":{"_seopress_robots_primary_cat":"","_seopress_titles_title":"","_seopress_titles_desc":"","_seopress_robots_index":""},"product_brand":[3366],"product_cat":[29,499,500],"product_tag":[3265],"class_list":{"0":"post-464259","1":"product","2":"type-product","3":"status-publish","4":"has-post-thumbnail","6":"product_brand-stihl","7":"product_cat-macchinari","8":"product_cat-atomizzatori-e-irroratori","9":"product_cat-atomizzatori-a-motore","10":"product_tag-import-stihl","11":"sws-gruppo-macchinari-de","12":"sws-conto-ricavi-merci-rivendita-macchinari-de","13":"sws-gruppo-iva-iva81-de","15":"first","16":"onbackorder","17":"purchasable","18":"product-type-simple"},"_links":{"self":[{"href":"https:\/\/lucacastelli.com\/de\/wp-json\/wp\/v2\/product\/464259","targetHints":{"allow":["GET"]}}],"collection":[{"href":"https:\/\/lucacastelli.com\/de\/wp-json\/wp\/v2\/product"}],"about":[{"href":"https:\/\/lucacastelli.com\/de\/wp-json\/wp\/v2\/types\/product"}],"wp:featuredmedia":[{"embeddable":true,"href":"https:\/\/lucacastelli.com\/de\/wp-json\/wp\/v2\/media\/430535"}],"wp:attachment":[{"href":"https:\/\/lucacastelli.com\/de\/wp-json\/wp\/v2\/media?parent=464259"}],"wp:term":[{"taxonomy":"product_brand","embeddable":true,"href":"https:\/\/lucacastelli.com\/de\/wp-json\/wp\/v2\/product_brand?post=464259"},{"taxonomy":"product_cat","embeddable":true,"href":"https:\/\/lucacastelli.com\/de\/wp-json\/wp\/v2\/product_cat?post=464259"},{"taxonomy":"product_tag","embeddable":true,"href":"https:\/\/lucacastelli.com\/de\/wp-json\/wp\/v2\/product_tag?post=464259"}],"curies":[{"name":"wp","href":"https:\/\/api.w.org\/{rel}","templated":true}]}}