{"id":464254,"date":"2025-06-01T00:42:44","date_gmt":"2025-05-31T22:42:44","guid":{"rendered":"https:\/\/lucacastelli.com\/prodotto\/ulv-duesen-set\/"},"modified":"2025-06-28T18:05:14","modified_gmt":"2025-06-28T16:05:14","slug":"ulv-duesen-set","status":"publish","type":"product","link":"https:\/\/lucacastelli.com\/de\/produkt\/ulv-duesen-set\/","title":{"rendered":"STIHL ULV-D\u00fcsen-Set"},"content":{"rendered":"<p>Ideal f\u00fcr eine optimale Verteilung des Pestizids, um es in sehr feine Tr\u00f6pfchen zu zerst\u00e4uben.<br \/>\n886661016471<\/p>\n","protected":false},"excerpt":{"rendered":"<p>ULV-D\u00fcsen-Set<\/p>\n","protected":false},"featured_media":430535,"template":"","meta":{"_seopress_robots_primary_cat":"","_seopress_titles_title":"","_seopress_titles_desc":"","_seopress_robots_index":""},"product_brand":[3554],"product_cat":[169,1572,1566],"product_tag":[3266],"class_list":{"0":"post-464254","1":"product","2":"type-product","3":"status-publish","4":"has-post-thumbnail","6":"product_brand-stihl-de","7":"product_cat-maschinen","8":"product_cat-motorbetriebene-spruhgerate","9":"product_cat-nebelgeblase-und-spruhgerate","10":"product_tag-import-stihl-de","11":"sws-gruppo-macchinari-de","12":"sws-conto-ricavi-merci-rivendita-macchinari-de","13":"sws-gruppo-iva-iva81-de","15":"first","16":"onbackorder","17":"purchasable","18":"product-type-simple"},"_links":{"self":[{"href":"https:\/\/lucacastelli.com\/de\/wp-json\/wp\/v2\/product\/464254","targetHints":{"allow":["GET"]}}],"collection":[{"href":"https:\/\/lucacastelli.com\/de\/wp-json\/wp\/v2\/product"}],"about":[{"href":"https:\/\/lucacastelli.com\/de\/wp-json\/wp\/v2\/types\/product"}],"wp:featuredmedia":[{"embeddable":true,"href":"https:\/\/lucacastelli.com\/de\/wp-json\/wp\/v2\/media\/430535"}],"wp:attachment":[{"href":"https:\/\/lucacastelli.com\/de\/wp-json\/wp\/v2\/media?parent=464254"}],"wp:term":[{"taxonomy":"product_brand","embeddable":true,"href":"https:\/\/lucacastelli.com\/de\/wp-json\/wp\/v2\/product_brand?post=464254"},{"taxonomy":"product_cat","embeddable":true,"href":"https:\/\/lucacastelli.com\/de\/wp-json\/wp\/v2\/product_cat?post=464254"},{"taxonomy":"product_tag","embeddable":true,"href":"https:\/\/lucacastelli.com\/de\/wp-json\/wp\/v2\/product_tag?post=464254"}],"curies":[{"name":"wp","href":"https:\/\/api.w.org\/{rel}","templated":true}]}}