{"id":464250,"date":"2025-06-01T00:45:21","date_gmt":"2025-05-31T22:45:21","guid":{"rendered":"https:\/\/lucacastelli.com\/prodotto\/sr-430\/"},"modified":"2026-02-20T17:16:02","modified_gmt":"2026-02-20T16:16:02","slug":"sr-430","status":"publish","type":"product","link":"https:\/\/lucacastelli.com\/de\/produkt\/sr-430\/","title":{"rendered":"STIHL SR 430 Aufsitzm\u00e4her"},"content":{"rendered":"<p>Leistungsstarker Rucksackzerst\u00e4uber zur Abgabe von Pestiziden auf gro\u00dfen Fl\u00e4chen. Mit einem Wurf von bis zu 14,5 Metern und der serienm\u00e4\u00dfigen komfortablen Ausstattung erm\u00f6glicht er ein effizientes und erm\u00fcdungsfreies Arbeiten.<br \/>\n795711363512 <\/p>\n<p>Hubraum 63,3<br \/>\nCO2 CO2<\/p>\n<p>Ger\u00e4tegewicht Ger\u00e4tegewicht<br \/>\nBeh\u00e4lterkapazit\u00e4t 14,0<br \/>\nNicht-System-Luftstrom 1300<\/p>\n","protected":false},"excerpt":{"rendered":"<p>SR 430<\/p>\n","protected":false},"featured_media":430811,"template":"","meta":{"_seopress_robots_primary_cat":"none","_seopress_titles_title":"","_seopress_titles_desc":"","_seopress_robots_index":""},"product_brand":[3366],"product_cat":[29,499,500],"product_tag":[3265],"class_list":{"0":"post-464250","1":"product","2":"type-product","3":"status-publish","4":"has-post-thumbnail","6":"product_brand-stihl","7":"product_cat-macchinari","8":"product_cat-atomizzatori-e-irroratori","9":"product_cat-atomizzatori-a-motore","10":"product_tag-import-stihl","11":"sws-gruppo-macchinari-de","12":"sws-conto-ricavi-merci-rivendita-macchinari-de","13":"sws-gruppo-iva-iva81-de","15":"first","16":"onbackorder","17":"purchasable","18":"product-type-simple"},"_links":{"self":[{"href":"https:\/\/lucacastelli.com\/de\/wp-json\/wp\/v2\/product\/464250","targetHints":{"allow":["GET"]}}],"collection":[{"href":"https:\/\/lucacastelli.com\/de\/wp-json\/wp\/v2\/product"}],"about":[{"href":"https:\/\/lucacastelli.com\/de\/wp-json\/wp\/v2\/types\/product"}],"wp:featuredmedia":[{"embeddable":true,"href":"https:\/\/lucacastelli.com\/de\/wp-json\/wp\/v2\/media\/430811"}],"wp:attachment":[{"href":"https:\/\/lucacastelli.com\/de\/wp-json\/wp\/v2\/media?parent=464250"}],"wp:term":[{"taxonomy":"product_brand","embeddable":true,"href":"https:\/\/lucacastelli.com\/de\/wp-json\/wp\/v2\/product_brand?post=464250"},{"taxonomy":"product_cat","embeddable":true,"href":"https:\/\/lucacastelli.com\/de\/wp-json\/wp\/v2\/product_cat?post=464250"},{"taxonomy":"product_tag","embeddable":true,"href":"https:\/\/lucacastelli.com\/de\/wp-json\/wp\/v2\/product_tag?post=464250"}],"curies":[{"name":"wp","href":"https:\/\/api.w.org\/{rel}","templated":true}]}}