{"id":464249,"date":"2025-06-01T00:45:45","date_gmt":"2025-05-31T22:45:45","guid":{"rendered":"https:\/\/lucacastelli.com\/prodotto\/sr-450\/"},"modified":"2025-06-28T19:09:28","modified_gmt":"2025-06-28T17:09:28","slug":"sr-450","status":"publish","type":"product","link":"https:\/\/lucacastelli.com\/de\/produkt\/sr-450\/","title":{"rendered":"STIHL SR 450"},"content":{"rendered":"<p>Dieses vielseitige Ger\u00e4t ist genauso leistungsstark wie die SR 430, verf\u00fcgt aber \u00fcber einen cleveren 2-in-1-Umbaumechanismus. Das bedeutet, dass er sowohl als Zerst\u00e4uber als auch als Pulverspender verwendet werden kann.<br \/>\n795711363529 <\/p>\n<p>Hubraum 63,3<br \/>\nCO2 CO2<\/p>\n<p>Ger\u00e4tegewicht Ger\u00e4tegewicht<br \/>\nBeh\u00e4lterkapazit\u00e4t 14,0<br \/>\nNicht-System-Luftstrom 1300<\/p>\n","protected":false},"excerpt":{"rendered":"<p>SR 450<\/p>\n","protected":false},"featured_media":430824,"template":"","meta":{"_seopress_robots_primary_cat":"","_seopress_titles_title":"","_seopress_titles_desc":"","_seopress_robots_index":""},"product_brand":[3366],"product_cat":[29,499,500],"product_tag":[3265],"class_list":{"0":"post-464249","1":"product","2":"type-product","3":"status-publish","4":"has-post-thumbnail","6":"product_brand-stihl","7":"product_cat-macchinari","8":"product_cat-atomizzatori-e-irroratori","9":"product_cat-atomizzatori-a-motore","10":"product_tag-import-stihl","11":"sws-gruppo-macchinari-de","12":"sws-conto-ricavi-merci-rivendita-macchinari-de","13":"sws-gruppo-iva-iva81-de","15":"first","16":"onbackorder","17":"purchasable","18":"product-type-simple"},"_links":{"self":[{"href":"https:\/\/lucacastelli.com\/de\/wp-json\/wp\/v2\/product\/464249","targetHints":{"allow":["GET"]}}],"collection":[{"href":"https:\/\/lucacastelli.com\/de\/wp-json\/wp\/v2\/product"}],"about":[{"href":"https:\/\/lucacastelli.com\/de\/wp-json\/wp\/v2\/types\/product"}],"wp:featuredmedia":[{"embeddable":true,"href":"https:\/\/lucacastelli.com\/de\/wp-json\/wp\/v2\/media\/430824"}],"wp:attachment":[{"href":"https:\/\/lucacastelli.com\/de\/wp-json\/wp\/v2\/media?parent=464249"}],"wp:term":[{"taxonomy":"product_brand","embeddable":true,"href":"https:\/\/lucacastelli.com\/de\/wp-json\/wp\/v2\/product_brand?post=464249"},{"taxonomy":"product_cat","embeddable":true,"href":"https:\/\/lucacastelli.com\/de\/wp-json\/wp\/v2\/product_cat?post=464249"},{"taxonomy":"product_tag","embeddable":true,"href":"https:\/\/lucacastelli.com\/de\/wp-json\/wp\/v2\/product_tag?post=464249"}],"curies":[{"name":"wp","href":"https:\/\/api.w.org\/{rel}","templated":true}]}}