{"id":464243,"date":"2025-06-01T00:50:11","date_gmt":"2025-05-31T22:50:11","guid":{"rendered":"https:\/\/lucacastelli.com\/prodotto\/sg-11\/"},"modified":"2025-06-28T20:04:28","modified_gmt":"2025-06-28T18:04:28","slug":"sg-11","status":"publish","type":"product","link":"https:\/\/lucacastelli.com\/de\/produkt\/sg-11\/","title":{"rendered":"STIHL SG 11"},"content":{"rendered":"<p>Ergonomisches und einfach zu bedienendes manuelles Spr\u00fchger\u00e4t zur einfachen Abgabe von fl\u00fcssigen Pestiziden. Effiziente und einfach zu bedienende Pumpe f\u00fcr komfortables Arbeiten. Standardm\u00e4\u00dfig mit Hohlkegeld\u00fcse.<br \/>\n886661023080  <\/p>\n<p>Sicherheitsventil 1<br \/>\nTransparenter Beh\u00e4lter Transparenter Beh\u00e4lter<\/p>\n","protected":false},"excerpt":{"rendered":"<p>SG 11<\/p>\n","protected":false},"featured_media":431147,"template":"","meta":{"_seopress_robots_primary_cat":"","_seopress_titles_title":"","_seopress_titles_desc":"","_seopress_robots_index":""},"product_brand":[3554],"product_cat":[169,1566,1517],"product_tag":[3266],"class_list":{"0":"post-464243","1":"product","2":"type-product","3":"status-publish","4":"has-post-thumbnail","6":"product_brand-stihl-de","7":"product_cat-maschinen","8":"product_cat-nebelgeblase-und-spruhgerate","9":"product_cat-spruhgerate","10":"product_tag-import-stihl-de","11":"sws-gruppo-macchinari-de","12":"sws-conto-ricavi-merci-rivendita-macchinari-de","13":"sws-gruppo-iva-iva81-de","15":"first","16":"onbackorder","17":"purchasable","18":"product-type-simple"},"_links":{"self":[{"href":"https:\/\/lucacastelli.com\/de\/wp-json\/wp\/v2\/product\/464243","targetHints":{"allow":["GET"]}}],"collection":[{"href":"https:\/\/lucacastelli.com\/de\/wp-json\/wp\/v2\/product"}],"about":[{"href":"https:\/\/lucacastelli.com\/de\/wp-json\/wp\/v2\/types\/product"}],"wp:featuredmedia":[{"embeddable":true,"href":"https:\/\/lucacastelli.com\/de\/wp-json\/wp\/v2\/media\/431147"}],"wp:attachment":[{"href":"https:\/\/lucacastelli.com\/de\/wp-json\/wp\/v2\/media?parent=464243"}],"wp:term":[{"taxonomy":"product_brand","embeddable":true,"href":"https:\/\/lucacastelli.com\/de\/wp-json\/wp\/v2\/product_brand?post=464243"},{"taxonomy":"product_cat","embeddable":true,"href":"https:\/\/lucacastelli.com\/de\/wp-json\/wp\/v2\/product_cat?post=464243"},{"taxonomy":"product_tag","embeddable":true,"href":"https:\/\/lucacastelli.com\/de\/wp-json\/wp\/v2\/product_tag?post=464243"}],"curies":[{"name":"wp","href":"https:\/\/api.w.org\/{rel}","templated":true}]}}