{"id":464241,"date":"2025-06-01T00:51:08","date_gmt":"2025-05-31T22:51:08","guid":{"rendered":"https:\/\/lucacastelli.com\/prodotto\/sg-31\/"},"modified":"2025-06-28T20:05:10","modified_gmt":"2025-06-28T18:05:10","slug":"sg-31","status":"publish","type":"product","link":"https:\/\/lucacastelli.com\/de\/produkt\/sg-31\/","title":{"rendered":"STIHL SG 31"},"content":{"rendered":"<p>Manuelles Spr\u00fchger\u00e4t mit 5 Litern Fassungsverm\u00f6gen zum Schutz von Pflanzen, zur Beseitigung von Unkraut, zum D\u00fcngen und zur Bek\u00e4mpfung von Sch\u00e4dlingen. Ideal f\u00fcr den privaten Nutzer mit einem eher gro\u00dfen Garten. Mit Teleskoprohr und zus\u00e4tzlicher Flachd\u00fcse.<br \/>\n886661023103  <\/p>\n","protected":false},"excerpt":{"rendered":"<p>SG 31<\/p>\n","protected":false},"featured_media":431204,"template":"","meta":{"_seopress_robots_primary_cat":"","_seopress_titles_title":"","_seopress_titles_desc":"","_seopress_robots_index":""},"product_brand":[3366],"product_cat":[29,516,499],"product_tag":[3265],"class_list":{"0":"post-464241","1":"product","2":"type-product","3":"status-publish","4":"has-post-thumbnail","6":"product_brand-stihl","7":"product_cat-macchinari","8":"product_cat-irroratori","9":"product_cat-atomizzatori-e-irroratori","10":"product_tag-import-stihl","11":"sws-gruppo-macchinari-de","12":"sws-conto-ricavi-merci-rivendita-macchinari-de","13":"sws-gruppo-iva-iva81-de","15":"first","16":"onbackorder","17":"purchasable","18":"product-type-simple"},"_links":{"self":[{"href":"https:\/\/lucacastelli.com\/de\/wp-json\/wp\/v2\/product\/464241","targetHints":{"allow":["GET"]}}],"collection":[{"href":"https:\/\/lucacastelli.com\/de\/wp-json\/wp\/v2\/product"}],"about":[{"href":"https:\/\/lucacastelli.com\/de\/wp-json\/wp\/v2\/types\/product"}],"wp:featuredmedia":[{"embeddable":true,"href":"https:\/\/lucacastelli.com\/de\/wp-json\/wp\/v2\/media\/431204"}],"wp:attachment":[{"href":"https:\/\/lucacastelli.com\/de\/wp-json\/wp\/v2\/media?parent=464241"}],"wp:term":[{"taxonomy":"product_brand","embeddable":true,"href":"https:\/\/lucacastelli.com\/de\/wp-json\/wp\/v2\/product_brand?post=464241"},{"taxonomy":"product_cat","embeddable":true,"href":"https:\/\/lucacastelli.com\/de\/wp-json\/wp\/v2\/product_cat?post=464241"},{"taxonomy":"product_tag","embeddable":true,"href":"https:\/\/lucacastelli.com\/de\/wp-json\/wp\/v2\/product_tag?post=464241"}],"curies":[{"name":"wp","href":"https:\/\/api.w.org\/{rel}","templated":true}]}}