{"id":464235,"date":"2025-06-01T00:50:42","date_gmt":"2025-05-31T22:50:42","guid":{"rendered":"https:\/\/lucacastelli.com\/prodotto\/sg-21\/"},"modified":"2025-06-28T20:04:55","modified_gmt":"2025-06-28T18:04:55","slug":"sg-21","status":"publish","type":"product","link":"https:\/\/lucacastelli.com\/de\/produkt\/sg-21\/","title":{"rendered":"STIHL SG 21"},"content":{"rendered":"<p>Besonders handliches Handspr\u00fchger\u00e4t f\u00fcr den Einsatz auf dem Balkon und im Garten. Einfacher Transport dank des Schultergurts. Kegeld\u00fcse serienm\u00e4\u00dfig.<br \/>\n886661202119  <\/p>\n<p>ROBUSTES ABSPERRVENTIL 1<br \/>\nHohlkegeld\u00fcse mit Filter Hohlkegeld\u00fcse mit Filter<\/p>\n","protected":false},"excerpt":{"rendered":"<p>SG 21<\/p>\n","protected":false},"featured_media":431198,"template":"","meta":{"_seopress_robots_primary_cat":"","_seopress_titles_title":"","_seopress_titles_desc":"","_seopress_robots_index":""},"product_brand":[3366],"product_cat":[29,516,499],"product_tag":[3265],"class_list":{"0":"post-464235","1":"product","2":"type-product","3":"status-publish","4":"has-post-thumbnail","6":"product_brand-stihl","7":"product_cat-macchinari","8":"product_cat-irroratori","9":"product_cat-atomizzatori-e-irroratori","10":"product_tag-import-stihl","11":"sws-gruppo-macchinari-de","12":"sws-conto-ricavi-merci-rivendita-macchinari-de","13":"sws-gruppo-iva-iva81-de","15":"first","16":"onbackorder","17":"purchasable","18":"product-type-simple"},"_links":{"self":[{"href":"https:\/\/lucacastelli.com\/de\/wp-json\/wp\/v2\/product\/464235","targetHints":{"allow":["GET"]}}],"collection":[{"href":"https:\/\/lucacastelli.com\/de\/wp-json\/wp\/v2\/product"}],"about":[{"href":"https:\/\/lucacastelli.com\/de\/wp-json\/wp\/v2\/types\/product"}],"wp:featuredmedia":[{"embeddable":true,"href":"https:\/\/lucacastelli.com\/de\/wp-json\/wp\/v2\/media\/431198"}],"wp:attachment":[{"href":"https:\/\/lucacastelli.com\/de\/wp-json\/wp\/v2\/media?parent=464235"}],"wp:term":[{"taxonomy":"product_brand","embeddable":true,"href":"https:\/\/lucacastelli.com\/de\/wp-json\/wp\/v2\/product_brand?post=464235"},{"taxonomy":"product_cat","embeddable":true,"href":"https:\/\/lucacastelli.com\/de\/wp-json\/wp\/v2\/product_cat?post=464235"},{"taxonomy":"product_tag","embeddable":true,"href":"https:\/\/lucacastelli.com\/de\/wp-json\/wp\/v2\/product_tag?post=464235"}],"curies":[{"name":"wp","href":"https:\/\/api.w.org\/{rel}","templated":true}]}}