{"id":464232,"date":"2025-06-01T00:51:27","date_gmt":"2025-05-31T22:51:27","guid":{"rendered":"https:\/\/lucacastelli.com\/prodotto\/sg-51\/"},"modified":"2025-06-28T20:05:17","modified_gmt":"2025-06-28T18:05:17","slug":"sg-51","status":"publish","type":"product","link":"https:\/\/lucacastelli.com\/de\/produkt\/sg-51\/","title":{"rendered":"STIHL SG 51"},"content":{"rendered":"<p>R\u00fcckenspr\u00fchger\u00e4t f\u00fcr den gelegentlichen und professionellen Einsatz. Hoher Bedienkomfort durch das Dosiersystem mit Rechts- oder Linkshebel und das ergonomische Absperrventil. Robuste Bauweise f\u00fcr eine lange Lebensdauer, auch im professionellen Einsatz.<br \/>\n886661023127  <\/p>\n<p>Klarer Beh\u00e4lter 1<\/p>\n","protected":false},"excerpt":{"rendered":"<p>SG 51<\/p>\n","protected":false},"featured_media":431217,"template":"","meta":{"_seopress_robots_primary_cat":"","_seopress_titles_title":"","_seopress_titles_desc":"","_seopress_robots_index":""},"product_brand":[3366],"product_cat":[29,516,499],"product_tag":[3265],"class_list":{"0":"post-464232","1":"product","2":"type-product","3":"status-publish","4":"has-post-thumbnail","6":"product_brand-stihl","7":"product_cat-macchinari","8":"product_cat-irroratori","9":"product_cat-atomizzatori-e-irroratori","10":"product_tag-import-stihl","11":"sws-gruppo-macchinari-de","12":"sws-conto-ricavi-merci-rivendita-macchinari-de","13":"sws-gruppo-iva-iva81-de","15":"first","16":"onbackorder","17":"purchasable","18":"product-type-simple"},"_links":{"self":[{"href":"https:\/\/lucacastelli.com\/de\/wp-json\/wp\/v2\/product\/464232","targetHints":{"allow":["GET"]}}],"collection":[{"href":"https:\/\/lucacastelli.com\/de\/wp-json\/wp\/v2\/product"}],"about":[{"href":"https:\/\/lucacastelli.com\/de\/wp-json\/wp\/v2\/types\/product"}],"wp:featuredmedia":[{"embeddable":true,"href":"https:\/\/lucacastelli.com\/de\/wp-json\/wp\/v2\/media\/431217"}],"wp:attachment":[{"href":"https:\/\/lucacastelli.com\/de\/wp-json\/wp\/v2\/media?parent=464232"}],"wp:term":[{"taxonomy":"product_brand","embeddable":true,"href":"https:\/\/lucacastelli.com\/de\/wp-json\/wp\/v2\/product_brand?post=464232"},{"taxonomy":"product_cat","embeddable":true,"href":"https:\/\/lucacastelli.com\/de\/wp-json\/wp\/v2\/product_cat?post=464232"},{"taxonomy":"product_tag","embeddable":true,"href":"https:\/\/lucacastelli.com\/de\/wp-json\/wp\/v2\/product_tag?post=464232"}],"curies":[{"name":"wp","href":"https:\/\/api.w.org\/{rel}","templated":true}]}}