{"id":464231,"date":"2025-06-01T00:51:45","date_gmt":"2025-05-31T22:51:45","guid":{"rendered":"https:\/\/lucacastelli.com\/prodotto\/sg-71\/"},"modified":"2025-06-28T20:05:14","modified_gmt":"2025-06-28T18:05:14","slug":"sg-71","status":"publish","type":"product","link":"https:\/\/lucacastelli.com\/de\/produkt\/sg-71\/","title":{"rendered":"STIHL SG 71"},"content":{"rendered":"<p>R\u00fcckenspritze f\u00fcr den professionellen Einsatz. Sehr hoher Bedienkomfort durch das Dosiersystem mit rechtem oder linkem Hebel und der Breiten- und L\u00e4ngenverstellung. Hochwertige Gurte und geformte R\u00fcckenlehne f\u00fcr hervorragenden Tragekomfort. Ergonomisches Absperrventil mit Manometer.<br \/>\n886661023141   <\/p>\n<p>TRAGEGRIFF 1<br \/>\nROBUSTES ABSPERRVENTIL ROBUSTES ABSPERRVENTIL<\/p>\n<p>Transparenter Beh\u00e4lter Transparenter Beh\u00e4lter<\/p>\n","protected":false},"excerpt":{"rendered":"<p>SG 71<\/p>\n","protected":false},"featured_media":431221,"template":"","meta":{"_seopress_robots_primary_cat":"","_seopress_titles_title":"","_seopress_titles_desc":"","_seopress_robots_index":""},"product_brand":[3366],"product_cat":[29,516,499],"product_tag":[3265],"class_list":{"0":"post-464231","1":"product","2":"type-product","3":"status-publish","4":"has-post-thumbnail","6":"product_brand-stihl","7":"product_cat-macchinari","8":"product_cat-irroratori","9":"product_cat-atomizzatori-e-irroratori","10":"product_tag-import-stihl","11":"sws-gruppo-macchinari-de","12":"sws-conto-ricavi-merci-rivendita-macchinari-de","13":"sws-gruppo-iva-iva81-de","15":"first","16":"onbackorder","17":"purchasable","18":"product-type-simple"},"_links":{"self":[{"href":"https:\/\/lucacastelli.com\/de\/wp-json\/wp\/v2\/product\/464231","targetHints":{"allow":["GET"]}}],"collection":[{"href":"https:\/\/lucacastelli.com\/de\/wp-json\/wp\/v2\/product"}],"about":[{"href":"https:\/\/lucacastelli.com\/de\/wp-json\/wp\/v2\/types\/product"}],"wp:featuredmedia":[{"embeddable":true,"href":"https:\/\/lucacastelli.com\/de\/wp-json\/wp\/v2\/media\/431221"}],"wp:attachment":[{"href":"https:\/\/lucacastelli.com\/de\/wp-json\/wp\/v2\/media?parent=464231"}],"wp:term":[{"taxonomy":"product_brand","embeddable":true,"href":"https:\/\/lucacastelli.com\/de\/wp-json\/wp\/v2\/product_brand?post=464231"},{"taxonomy":"product_cat","embeddable":true,"href":"https:\/\/lucacastelli.com\/de\/wp-json\/wp\/v2\/product_cat?post=464231"},{"taxonomy":"product_tag","embeddable":true,"href":"https:\/\/lucacastelli.com\/de\/wp-json\/wp\/v2\/product_tag?post=464231"}],"curies":[{"name":"wp","href":"https:\/\/api.w.org\/{rel}","templated":true}]}}