{"id":464215,"date":"2025-06-01T00:52:31","date_gmt":"2025-05-31T22:52:31","guid":{"rendered":"https:\/\/lucacastelli.com\/prodotto\/spritzschutz\/"},"modified":"2025-07-17T11:18:12","modified_gmt":"2025-07-17T09:18:12","slug":"spritzschutz","status":"publish","type":"product","link":"https:\/\/lucacastelli.com\/de\/produkt\/spritzschutz\/","title":{"rendered":"STIHL Spritzschutz"},"content":{"rendered":"<p>Der Spr\u00fchschutz h\u00e4lt den Strahl der gespr\u00fchten Fl\u00fcssigkeit zur\u00fcck und macht ihn so gezielter.<br \/>\n886661017904<\/p>\n","protected":false},"excerpt":{"rendered":"<p>Spritzschutz<\/p>\n","protected":false},"featured_media":431243,"template":"","meta":{"_seopress_robots_primary_cat":"","_seopress_titles_title":"","_seopress_titles_desc":"","_seopress_robots_index":""},"product_brand":[3554],"product_cat":[169,1517,1566],"product_tag":[3266],"class_list":{"0":"post-464215","1":"product","2":"type-product","3":"status-publish","4":"has-post-thumbnail","6":"product_brand-stihl-de","7":"product_cat-maschinen","8":"product_cat-spruhgerate","9":"product_cat-nebelgeblase-und-spruhgerate","10":"product_tag-import-stihl-de","11":"sws-gruppo-macchinari-de","12":"sws-conto-ricavi-merci-rivendita-macchinari-de","13":"sws-gruppo-iva-iva81-de","15":"first","16":"onbackorder","17":"purchasable","18":"product-type-simple"},"_links":{"self":[{"href":"https:\/\/lucacastelli.com\/de\/wp-json\/wp\/v2\/product\/464215","targetHints":{"allow":["GET"]}}],"collection":[{"href":"https:\/\/lucacastelli.com\/de\/wp-json\/wp\/v2\/product"}],"about":[{"href":"https:\/\/lucacastelli.com\/de\/wp-json\/wp\/v2\/types\/product"}],"wp:featuredmedia":[{"embeddable":true,"href":"https:\/\/lucacastelli.com\/de\/wp-json\/wp\/v2\/media\/431243"}],"wp:attachment":[{"href":"https:\/\/lucacastelli.com\/de\/wp-json\/wp\/v2\/media?parent=464215"}],"wp:term":[{"taxonomy":"product_brand","embeddable":true,"href":"https:\/\/lucacastelli.com\/de\/wp-json\/wp\/v2\/product_brand?post=464215"},{"taxonomy":"product_cat","embeddable":true,"href":"https:\/\/lucacastelli.com\/de\/wp-json\/wp\/v2\/product_cat?post=464215"},{"taxonomy":"product_tag","embeddable":true,"href":"https:\/\/lucacastelli.com\/de\/wp-json\/wp\/v2\/product_tag?post=464215"}],"curies":[{"name":"wp","href":"https:\/\/api.w.org\/{rel}","templated":true}]}}