{"id":464210,"date":"2025-06-01T00:52:47","date_gmt":"2025-05-31T22:52:47","guid":{"rendered":"https:\/\/lucacastelli.com\/prodotto\/regelventil-15-bar\/"},"modified":"2025-06-28T20:05:45","modified_gmt":"2025-06-28T18:05:45","slug":"regelventil-15-bar","status":"publish","type":"product","link":"https:\/\/lucacastelli.com\/de\/produkt\/regelventil-15-bar\/","title":{"rendered":"STIHL Regelventil, 1,5 bar"},"content":{"rendered":"<p>Spezielles Ventil f\u00fcr die Verwendung von Hohlkegeld\u00fcsen. Es erm\u00f6glicht einen konstanten Spr\u00fchdruck (1,5 bar, rot) und ist optimal bei der Abgabe von Insektiziden und Fungiziden.<br \/>\n886661358250 <\/p>\n","protected":false},"excerpt":{"rendered":"<p>Regelventil, 1,5 bar<\/p>\n","protected":false},"featured_media":431253,"template":"","meta":{"_seopress_robots_primary_cat":"","_seopress_titles_title":"","_seopress_titles_desc":"","_seopress_robots_index":""},"product_brand":[3554],"product_cat":[169,1566,1517],"product_tag":[3266],"class_list":{"0":"post-464210","1":"product","2":"type-product","3":"status-publish","4":"has-post-thumbnail","6":"product_brand-stihl-de","7":"product_cat-maschinen","8":"product_cat-nebelgeblase-und-spruhgerate","9":"product_cat-spruhgerate","10":"product_tag-import-stihl-de","11":"sws-gruppo-macchinari-de","12":"sws-conto-ricavi-merci-rivendita-macchinari-de","13":"sws-gruppo-iva-iva81-de","15":"first","16":"onbackorder","17":"purchasable","18":"product-type-simple"},"_links":{"self":[{"href":"https:\/\/lucacastelli.com\/de\/wp-json\/wp\/v2\/product\/464210","targetHints":{"allow":["GET"]}}],"collection":[{"href":"https:\/\/lucacastelli.com\/de\/wp-json\/wp\/v2\/product"}],"about":[{"href":"https:\/\/lucacastelli.com\/de\/wp-json\/wp\/v2\/types\/product"}],"wp:featuredmedia":[{"embeddable":true,"href":"https:\/\/lucacastelli.com\/de\/wp-json\/wp\/v2\/media\/431253"}],"wp:attachment":[{"href":"https:\/\/lucacastelli.com\/de\/wp-json\/wp\/v2\/media?parent=464210"}],"wp:term":[{"taxonomy":"product_brand","embeddable":true,"href":"https:\/\/lucacastelli.com\/de\/wp-json\/wp\/v2\/product_brand?post=464210"},{"taxonomy":"product_cat","embeddable":true,"href":"https:\/\/lucacastelli.com\/de\/wp-json\/wp\/v2\/product_cat?post=464210"},{"taxonomy":"product_tag","embeddable":true,"href":"https:\/\/lucacastelli.com\/de\/wp-json\/wp\/v2\/product_tag?post=464210"}],"curies":[{"name":"wp","href":"https:\/\/api.w.org\/{rel}","templated":true}]}}