{"id":464205,"date":"2025-06-01T00:53:17","date_gmt":"2025-05-31T22:53:17","guid":{"rendered":"https:\/\/lucacastelli.com\/prodotto\/stangen-fuer-breites-spruehen-100-cm\/"},"modified":"2025-09-01T21:28:58","modified_gmt":"2025-09-01T19:28:58","slug":"stangen-fuer-breites-spruehen-100-cm","status":"publish","type":"product","link":"https:\/\/lucacastelli.com\/de\/produkt\/stangen-fuer-breites-spruehen-100-cm\/","title":{"rendered":"STIHL Stangen f\u00fcr breites Spr\u00fchen 100 cm"},"content":{"rendered":"<p>Breite Spr\u00fchst\u00e4be mit 3 flachen D\u00fcsen zur gro\u00dffl\u00e4chigen Abgabe von Pestiziden. Schneller Arbeitsfortschritt dank des gro\u00dfen Arbeitsbereichs.<br \/>\n886661251254 <\/p>\n","protected":false},"excerpt":{"rendered":"<p>Stangen f\u00fcr breites Spr\u00fchen 100 cm<\/p>\n","protected":false},"featured_media":431268,"template":"","meta":{"_seopress_robots_primary_cat":"","_seopress_titles_title":"","_seopress_titles_desc":"","_seopress_robots_index":""},"product_brand":[3366],"product_cat":[29,516,499],"product_tag":[3265],"class_list":{"0":"post-464205","1":"product","2":"type-product","3":"status-publish","4":"has-post-thumbnail","6":"product_brand-stihl","7":"product_cat-macchinari","8":"product_cat-irroratori","9":"product_cat-atomizzatori-e-irroratori","10":"product_tag-import-stihl","11":"sws-gruppo-macchinari-de","12":"sws-conto-ricavi-merci-rivendita-macchinari-de","13":"sws-gruppo-iva-iva81-de","15":"first","16":"onbackorder","17":"purchasable","18":"product-type-simple"},"_links":{"self":[{"href":"https:\/\/lucacastelli.com\/de\/wp-json\/wp\/v2\/product\/464205","targetHints":{"allow":["GET"]}}],"collection":[{"href":"https:\/\/lucacastelli.com\/de\/wp-json\/wp\/v2\/product"}],"about":[{"href":"https:\/\/lucacastelli.com\/de\/wp-json\/wp\/v2\/types\/product"}],"wp:featuredmedia":[{"embeddable":true,"href":"https:\/\/lucacastelli.com\/de\/wp-json\/wp\/v2\/media\/431268"}],"wp:attachment":[{"href":"https:\/\/lucacastelli.com\/de\/wp-json\/wp\/v2\/media?parent=464205"}],"wp:term":[{"taxonomy":"product_brand","embeddable":true,"href":"https:\/\/lucacastelli.com\/de\/wp-json\/wp\/v2\/product_brand?post=464205"},{"taxonomy":"product_cat","embeddable":true,"href":"https:\/\/lucacastelli.com\/de\/wp-json\/wp\/v2\/product_cat?post=464205"},{"taxonomy":"product_tag","embeddable":true,"href":"https:\/\/lucacastelli.com\/de\/wp-json\/wp\/v2\/product_tag?post=464205"}],"curies":[{"name":"wp","href":"https:\/\/api.w.org\/{rel}","templated":true}]}}