{"id":464203,"date":"2025-06-01T00:53:09","date_gmt":"2025-05-31T22:53:09","guid":{"rendered":"https:\/\/lucacastelli.com\/prodotto\/gabelduese-fuer-sg-21-sg-31-sg-51-sg-71\/"},"modified":"2025-06-28T20:10:44","modified_gmt":"2025-06-28T18:10:44","slug":"gabelduese-fuer-sg-21-sg-31-sg-51-sg-71","status":"publish","type":"product","link":"https:\/\/lucacastelli.com\/de\/produkt\/gabelduese-fuer-sg-21-sg-31-sg-51-sg-71\/","title":{"rendered":"STIHL Gabeld\u00fcse, f\u00fcr SG 21, SG 31, SG 51, SG 71"},"content":{"rendered":"<p>Ideal f\u00fcr die Behandlung von gro\u00dfen Fl\u00e4chen oder zwei Blumenbeeten gleichzeitig, individuelle Einstellung der D\u00fcsenrichtung.<br \/>\n886661133451<\/p>\n","protected":false},"excerpt":{"rendered":"<p>Gabeld\u00fcse, f\u00fcr SG 21, SG 31, SG 51, SG 71<\/p>\n","protected":false},"featured_media":423152,"template":"","meta":{"_seopress_robots_primary_cat":"","_seopress_titles_title":"","_seopress_titles_desc":"","_seopress_robots_index":""},"product_brand":[3366],"product_cat":[29,516,499],"product_tag":[3265],"class_list":{"0":"post-464203","1":"product","2":"type-product","3":"status-publish","4":"has-post-thumbnail","6":"product_brand-stihl","7":"product_cat-macchinari","8":"product_cat-irroratori","9":"product_cat-atomizzatori-e-irroratori","10":"product_tag-import-stihl","11":"sws-gruppo-macchinari-de","12":"sws-conto-ricavi-merci-rivendita-macchinari-de","13":"sws-gruppo-iva-iva81-de","15":"first","16":"onbackorder","17":"purchasable","18":"product-type-simple"},"_links":{"self":[{"href":"https:\/\/lucacastelli.com\/de\/wp-json\/wp\/v2\/product\/464203","targetHints":{"allow":["GET"]}}],"collection":[{"href":"https:\/\/lucacastelli.com\/de\/wp-json\/wp\/v2\/product"}],"about":[{"href":"https:\/\/lucacastelli.com\/de\/wp-json\/wp\/v2\/types\/product"}],"wp:featuredmedia":[{"embeddable":true,"href":"https:\/\/lucacastelli.com\/de\/wp-json\/wp\/v2\/media\/423152"}],"wp:attachment":[{"href":"https:\/\/lucacastelli.com\/de\/wp-json\/wp\/v2\/media?parent=464203"}],"wp:term":[{"taxonomy":"product_brand","embeddable":true,"href":"https:\/\/lucacastelli.com\/de\/wp-json\/wp\/v2\/product_brand?post=464203"},{"taxonomy":"product_cat","embeddable":true,"href":"https:\/\/lucacastelli.com\/de\/wp-json\/wp\/v2\/product_cat?post=464203"},{"taxonomy":"product_tag","embeddable":true,"href":"https:\/\/lucacastelli.com\/de\/wp-json\/wp\/v2\/product_tag?post=464203"}],"curies":[{"name":"wp","href":"https:\/\/api.w.org\/{rel}","templated":true}]}}