{"id":464195,"date":"2025-06-01T00:53:23","date_gmt":"2025-05-31T22:53:23","guid":{"rendered":"https:\/\/lucacastelli.com\/prodotto\/flache-duese-80-04\/"},"modified":"2025-07-17T11:18:12","modified_gmt":"2025-07-17T09:18:12","slug":"flache-duese-80-04","status":"publish","type":"product","link":"https:\/\/lucacastelli.com\/de\/produkt\/flache-duese-80-04\/","title":{"rendered":"STIHL Flachd\u00fcse 80-04"},"content":{"rendered":"<p>Flache D\u00fcse von hohem Kaliber f\u00fcr Oberfl\u00e4chenverfl\u00fcssigung. Besonders geeignet f\u00fcr das Unkrautj\u00e4ten mit gro\u00dfer Tropfenabgabe. F\u00fcr SG 21, SG 31. (F\u00fcr die Montage an SG 51 und SG 71 ist ein D\u00fcsenhalter erforderlich.)<br \/>\n886661133604   <\/p>\n","protected":false},"excerpt":{"rendered":"<p>Flache D\u00fcse 80-04<\/p>\n","protected":false},"featured_media":431272,"template":"","meta":{"_seopress_robots_primary_cat":"","_seopress_titles_title":"","_seopress_titles_desc":"","_seopress_robots_index":""},"product_brand":[3366],"product_cat":[29,516,499],"product_tag":[3265],"class_list":{"0":"post-464195","1":"product","2":"type-product","3":"status-publish","4":"has-post-thumbnail","6":"product_brand-stihl","7":"product_cat-macchinari","8":"product_cat-irroratori","9":"product_cat-atomizzatori-e-irroratori","10":"product_tag-import-stihl","11":"sws-gruppo-macchinari-de","12":"sws-conto-ricavi-merci-rivendita-macchinari-de","13":"sws-gruppo-iva-iva81-de","15":"first","16":"onbackorder","17":"purchasable","18":"product-type-simple"},"_links":{"self":[{"href":"https:\/\/lucacastelli.com\/de\/wp-json\/wp\/v2\/product\/464195","targetHints":{"allow":["GET"]}}],"collection":[{"href":"https:\/\/lucacastelli.com\/de\/wp-json\/wp\/v2\/product"}],"about":[{"href":"https:\/\/lucacastelli.com\/de\/wp-json\/wp\/v2\/types\/product"}],"wp:featuredmedia":[{"embeddable":true,"href":"https:\/\/lucacastelli.com\/de\/wp-json\/wp\/v2\/media\/431272"}],"wp:attachment":[{"href":"https:\/\/lucacastelli.com\/de\/wp-json\/wp\/v2\/media?parent=464195"}],"wp:term":[{"taxonomy":"product_brand","embeddable":true,"href":"https:\/\/lucacastelli.com\/de\/wp-json\/wp\/v2\/product_brand?post=464195"},{"taxonomy":"product_cat","embeddable":true,"href":"https:\/\/lucacastelli.com\/de\/wp-json\/wp\/v2\/product_cat?post=464195"},{"taxonomy":"product_tag","embeddable":true,"href":"https:\/\/lucacastelli.com\/de\/wp-json\/wp\/v2\/product_tag?post=464195"}],"curies":[{"name":"wp","href":"https:\/\/api.w.org\/{rel}","templated":true}]}}