{"id":464190,"date":"2025-06-01T00:53:39","date_gmt":"2025-05-31T22:53:39","guid":{"rendered":"https:\/\/lucacastelli.com\/prodotto\/verstellbare-duese\/"},"modified":"2025-06-28T19:07:50","modified_gmt":"2025-06-28T17:07:50","slug":"verstellbare-duese","status":"publish","type":"product","link":"https:\/\/lucacastelli.com\/de\/produkt\/verstellbare-duese\/","title":{"rendered":"STIHL Verstellbare D\u00fcse"},"content":{"rendered":"<p>F\u00fcr SG 21, SG 31, SG 51 und SG 71. Mit dieser verstellbaren Messingd\u00fcse k\u00f6nnen Sie den Strahl vom Hohlkegel bis zum Vollstrahl variieren. F\u00fcr ein optimales Spritzergebnis auch bei wechselnden Bedingungen oder f\u00fcr unterschiedliche Anwendungen.<br \/>\n886661133468 <\/p>\n","protected":false},"excerpt":{"rendered":"<p>Verstellbare D\u00fcse<\/p>\n","protected":false},"featured_media":431281,"template":"","meta":{"_seopress_robots_primary_cat":"","_seopress_titles_title":"","_seopress_titles_desc":"","_seopress_robots_index":""},"product_brand":[3554],"product_cat":[169,1566,1517],"product_tag":[3266],"class_list":{"0":"post-464190","1":"product","2":"type-product","3":"status-publish","4":"has-post-thumbnail","6":"product_brand-stihl-de","7":"product_cat-maschinen","8":"product_cat-nebelgeblase-und-spruhgerate","9":"product_cat-spruhgerate","10":"product_tag-import-stihl-de","11":"sws-gruppo-macchinari-de","12":"sws-conto-ricavi-merci-rivendita-macchinari-de","13":"sws-gruppo-iva-iva81-de","15":"first","16":"onbackorder","17":"purchasable","18":"product-type-simple"},"_links":{"self":[{"href":"https:\/\/lucacastelli.com\/de\/wp-json\/wp\/v2\/product\/464190","targetHints":{"allow":["GET"]}}],"collection":[{"href":"https:\/\/lucacastelli.com\/de\/wp-json\/wp\/v2\/product"}],"about":[{"href":"https:\/\/lucacastelli.com\/de\/wp-json\/wp\/v2\/types\/product"}],"wp:featuredmedia":[{"embeddable":true,"href":"https:\/\/lucacastelli.com\/de\/wp-json\/wp\/v2\/media\/431281"}],"wp:attachment":[{"href":"https:\/\/lucacastelli.com\/de\/wp-json\/wp\/v2\/media?parent=464190"}],"wp:term":[{"taxonomy":"product_brand","embeddable":true,"href":"https:\/\/lucacastelli.com\/de\/wp-json\/wp\/v2\/product_brand?post=464190"},{"taxonomy":"product_cat","embeddable":true,"href":"https:\/\/lucacastelli.com\/de\/wp-json\/wp\/v2\/product_cat?post=464190"},{"taxonomy":"product_tag","embeddable":true,"href":"https:\/\/lucacastelli.com\/de\/wp-json\/wp\/v2\/product_tag?post=464190"}],"curies":[{"name":"wp","href":"https:\/\/api.w.org\/{rel}","templated":true}]}}