{"id":464187,"date":"2025-06-01T00:53:52","date_gmt":"2025-05-31T22:53:52","guid":{"rendered":"https:\/\/lucacastelli.com\/prodotto\/hohlkegel-duese-25-mm\/"},"modified":"2025-06-28T19:08:11","modified_gmt":"2025-06-28T17:08:11","slug":"hohlkegel-duese-25-mm","status":"publish","type":"product","link":"https:\/\/lucacastelli.com\/de\/produkt\/hohlkegel-duese-25-mm\/","title":{"rendered":"STIHL Hohlkegel-D\u00fcse 2,5 mm"},"content":{"rendered":"<p>F\u00fcr SG 21, SG 31, SG 51 und SG 71. Spezielle gro\u00dfkalibrige D\u00fcse f\u00fcr den Durchfluss einer gro\u00dfen Stoffmenge. Ideal vor allem f\u00fcr Limette.<br \/>\n886661133482  <\/p>\n","protected":false},"excerpt":{"rendered":"<p>Hohlkegel-D\u00fcse 2,5 mm<\/p>\n","protected":false},"featured_media":431286,"template":"","meta":{"_seopress_robots_primary_cat":"","_seopress_titles_title":"","_seopress_titles_desc":"","_seopress_robots_index":""},"product_brand":[3554],"product_cat":[169,1517,1566],"product_tag":[3266],"class_list":{"0":"post-464187","1":"product","2":"type-product","3":"status-publish","4":"has-post-thumbnail","6":"product_brand-stihl-de","7":"product_cat-maschinen","8":"product_cat-spruhgerate","9":"product_cat-nebelgeblase-und-spruhgerate","10":"product_tag-import-stihl-de","11":"sws-gruppo-macchinari-de","12":"sws-conto-ricavi-merci-rivendita-macchinari-de","13":"sws-gruppo-iva-iva81-de","15":"first","16":"onbackorder","17":"purchasable","18":"product-type-simple"},"_links":{"self":[{"href":"https:\/\/lucacastelli.com\/de\/wp-json\/wp\/v2\/product\/464187","targetHints":{"allow":["GET"]}}],"collection":[{"href":"https:\/\/lucacastelli.com\/de\/wp-json\/wp\/v2\/product"}],"about":[{"href":"https:\/\/lucacastelli.com\/de\/wp-json\/wp\/v2\/types\/product"}],"wp:featuredmedia":[{"embeddable":true,"href":"https:\/\/lucacastelli.com\/de\/wp-json\/wp\/v2\/media\/431286"}],"wp:attachment":[{"href":"https:\/\/lucacastelli.com\/de\/wp-json\/wp\/v2\/media?parent=464187"}],"wp:term":[{"taxonomy":"product_brand","embeddable":true,"href":"https:\/\/lucacastelli.com\/de\/wp-json\/wp\/v2\/product_brand?post=464187"},{"taxonomy":"product_cat","embeddable":true,"href":"https:\/\/lucacastelli.com\/de\/wp-json\/wp\/v2\/product_cat?post=464187"},{"taxonomy":"product_tag","embeddable":true,"href":"https:\/\/lucacastelli.com\/de\/wp-json\/wp\/v2\/product_tag?post=464187"}],"curies":[{"name":"wp","href":"https:\/\/api.w.org\/{rel}","templated":true}]}}