{"id":464186,"date":"2025-06-01T00:55:14","date_gmt":"2025-05-31T22:55:14","guid":{"rendered":"https:\/\/lucacastelli.com\/prodotto\/sga-85\/"},"modified":"2026-02-23T11:33:07","modified_gmt":"2026-02-23T10:33:07","slug":"sga-85","status":"publish","type":"product","link":"https:\/\/lucacastelli.com\/de\/produkt\/sga-85\/","title":{"rendered":"STIHL SGA 85"},"content":{"rendered":"<p>Leistungsstarkes Akku-Spr\u00fchger\u00e4t mit leistungsstarker Membranpumpe. Hoher Arbeitsdruck und gro\u00dfe Durchflussrate. Der Druck kann \u00fcber einen Drehregler geregelt werden. Das geringe Gewicht und das hochwertige Transportsystem sorgen f\u00fcr einen hohen Arbeitskomfort. Ideal f\u00fcr die Anwendung von Herbiziden, Pestiziden und Fungiziden in der Landwirtschaft und im Gartenbau, Obst- und Weinbau. Umfangreiches Zubeh\u00f6rprogramm f\u00fcr die unterschiedlichsten Anwendungen und Anwendungen.<br \/>\n886661419555     <\/p>\n<p>Nennspannung 36<br \/>\nBatteriesystem Batteriesystem<\/p>\n<p>Ger\u00e4tegewicht Ger\u00e4tegewicht<br \/>\nBeh\u00e4lterkapazit\u00e4t 17,0<br \/>\nWasserdurchfluss min 1,5<\/p>\n","protected":false},"excerpt":{"rendered":"<p>SGA 85<\/p>\n","protected":false},"featured_media":431322,"template":"","meta":{"_seopress_robots_primary_cat":"","_seopress_titles_title":"","_seopress_titles_desc":"","_seopress_robots_index":""},"product_brand":[3554],"product_cat":[169,1566,1517],"product_tag":[3266],"class_list":{"0":"post-464186","1":"product","2":"type-product","3":"status-publish","4":"has-post-thumbnail","6":"product_brand-stihl-de","7":"product_cat-maschinen","8":"product_cat-nebelgeblase-und-spruhgerate","9":"product_cat-spruhgerate","10":"product_tag-import-stihl-de","11":"sws-gruppo-macchinari-de","12":"sws-conto-ricavi-merci-rivendita-macchinari-de","13":"sws-gruppo-iva-iva81-de","15":"first","16":"onbackorder","17":"purchasable","18":"product-type-simple"},"_links":{"self":[{"href":"https:\/\/lucacastelli.com\/de\/wp-json\/wp\/v2\/product\/464186","targetHints":{"allow":["GET"]}}],"collection":[{"href":"https:\/\/lucacastelli.com\/de\/wp-json\/wp\/v2\/product"}],"about":[{"href":"https:\/\/lucacastelli.com\/de\/wp-json\/wp\/v2\/types\/product"}],"wp:featuredmedia":[{"embeddable":true,"href":"https:\/\/lucacastelli.com\/de\/wp-json\/wp\/v2\/media\/431322"}],"wp:attachment":[{"href":"https:\/\/lucacastelli.com\/de\/wp-json\/wp\/v2\/media?parent=464186"}],"wp:term":[{"taxonomy":"product_brand","embeddable":true,"href":"https:\/\/lucacastelli.com\/de\/wp-json\/wp\/v2\/product_brand?post=464186"},{"taxonomy":"product_cat","embeddable":true,"href":"https:\/\/lucacastelli.com\/de\/wp-json\/wp\/v2\/product_cat?post=464186"},{"taxonomy":"product_tag","embeddable":true,"href":"https:\/\/lucacastelli.com\/de\/wp-json\/wp\/v2\/product_tag?post=464186"}],"curies":[{"name":"wp","href":"https:\/\/api.w.org\/{rel}","templated":true}]}}