{"id":464183,"date":"2025-06-01T00:54:09","date_gmt":"2025-05-31T22:54:09","guid":{"rendered":"https:\/\/lucacastelli.com\/prodotto\/vollkegel-duese\/"},"modified":"2025-06-28T19:07:55","modified_gmt":"2025-06-28T17:07:55","slug":"vollkegel-duese","status":"publish","type":"product","link":"https:\/\/lucacastelli.com\/de\/produkt\/vollkegel-duese\/","title":{"rendered":"STIHL Vollkegel-D\u00fcse"},"content":{"rendered":"<p>Vollkegeld\u00fcse mit geringem Durchfluss. Ideal f\u00fcr die Feindosierung von Wildbissprodukten oder Herbiziden. F\u00fcr SG 21, SG 31. (F\u00fcr die Montage an SG 51 und SG 71 ist ein D\u00fcsenhalter erforderlich.)<br \/>\n886661133499   <\/p>\n","protected":false},"excerpt":{"rendered":"<p>Vollkegel-D\u00fcse<\/p>\n","protected":false},"featured_media":431291,"template":"","meta":{"_seopress_robots_primary_cat":"","_seopress_titles_title":"","_seopress_titles_desc":"","_seopress_robots_index":""},"product_brand":[3366],"product_cat":[29,516,499],"product_tag":[3265],"class_list":{"0":"post-464183","1":"product","2":"type-product","3":"status-publish","4":"has-post-thumbnail","6":"product_brand-stihl","7":"product_cat-macchinari","8":"product_cat-irroratori","9":"product_cat-atomizzatori-e-irroratori","10":"product_tag-import-stihl","11":"sws-gruppo-macchinari-de","12":"sws-conto-ricavi-merci-rivendita-macchinari-de","13":"sws-gruppo-iva-iva81-de","15":"first","16":"onbackorder","17":"purchasable","18":"product-type-simple"},"_links":{"self":[{"href":"https:\/\/lucacastelli.com\/de\/wp-json\/wp\/v2\/product\/464183","targetHints":{"allow":["GET"]}}],"collection":[{"href":"https:\/\/lucacastelli.com\/de\/wp-json\/wp\/v2\/product"}],"about":[{"href":"https:\/\/lucacastelli.com\/de\/wp-json\/wp\/v2\/types\/product"}],"wp:featuredmedia":[{"embeddable":true,"href":"https:\/\/lucacastelli.com\/de\/wp-json\/wp\/v2\/media\/431291"}],"wp:attachment":[{"href":"https:\/\/lucacastelli.com\/de\/wp-json\/wp\/v2\/media?parent=464183"}],"wp:term":[{"taxonomy":"product_brand","embeddable":true,"href":"https:\/\/lucacastelli.com\/de\/wp-json\/wp\/v2\/product_brand?post=464183"},{"taxonomy":"product_cat","embeddable":true,"href":"https:\/\/lucacastelli.com\/de\/wp-json\/wp\/v2\/product_cat?post=464183"},{"taxonomy":"product_tag","embeddable":true,"href":"https:\/\/lucacastelli.com\/de\/wp-json\/wp\/v2\/product_tag?post=464183"}],"curies":[{"name":"wp","href":"https:\/\/api.w.org\/{rel}","templated":true}]}}