{"id":464159,"date":"2025-05-31T21:59:51","date_gmt":"2025-05-31T19:59:51","guid":{"rendered":"https:\/\/lucacastelli.com\/prodotto\/al-5-schnellladegeraet\/"},"modified":"2025-06-29T13:39:24","modified_gmt":"2025-06-29T11:39:24","slug":"al-5-schnellladegeraet","status":"publish","type":"product","link":"https:\/\/lucacastelli.com\/de\/produkt\/al-5-schnellladegeraet\/","title":{"rendered":"STIHL AL 5 Schnellladeger\u00e4t"},"content":{"rendered":"<p>p230 V. Schnellladeger\u00e4t f\u00fcr das AS-System mit doppeltem Ladestrom des AL 1.\/p<br \/>\n795711881757<\/p>\n<p>Nennspannung 230<br \/>\nNennstrom Nennstrom<\/p>\n<p>Stromverbrauch Stromverbrauch Stromverbrauch<br \/>\nGer\u00e4tegewicht 0,5<br \/>\nLadestrom 4,00<\/p>\n","protected":false},"excerpt":{"rendered":"<p>p230 V. Schnellladeger\u00e4t f\u00fcr das AS-System mit doppeltem Ladestrom des AL 1.\/p 795711881757 Nennspannung 230 Nennstrom Nennstrom Stromverbrauch Stromverbrauch Stromverbrauch<\/p>\n","protected":false},"featured_media":422802,"template":"","meta":{"_seopress_robots_primary_cat":"","_seopress_titles_title":"","_seopress_titles_desc":"","_seopress_robots_index":""},"product_brand":[3366],"product_cat":[29,491],"product_tag":[3265],"class_list":{"0":"post-464159","1":"product","2":"type-product","3":"status-publish","4":"has-post-thumbnail","6":"product_brand-stihl","7":"product_cat-macchinari","8":"product_cat-accessori-sistemi-a-batteria","9":"product_tag-import-stihl","10":"sws-gruppo-macchinari","11":"sws-conto-ricavi-merci-rivendita-macchinari","12":"sws-gruppo-iva-iva81","14":"first","15":"onbackorder","16":"purchasable","17":"product-type-simple"},"_links":{"self":[{"href":"https:\/\/lucacastelli.com\/de\/wp-json\/wp\/v2\/product\/464159","targetHints":{"allow":["GET"]}}],"collection":[{"href":"https:\/\/lucacastelli.com\/de\/wp-json\/wp\/v2\/product"}],"about":[{"href":"https:\/\/lucacastelli.com\/de\/wp-json\/wp\/v2\/types\/product"}],"wp:featuredmedia":[{"embeddable":true,"href":"https:\/\/lucacastelli.com\/de\/wp-json\/wp\/v2\/media\/422802"}],"wp:attachment":[{"href":"https:\/\/lucacastelli.com\/de\/wp-json\/wp\/v2\/media?parent=464159"}],"wp:term":[{"taxonomy":"product_brand","embeddable":true,"href":"https:\/\/lucacastelli.com\/de\/wp-json\/wp\/v2\/product_brand?post=464159"},{"taxonomy":"product_cat","embeddable":true,"href":"https:\/\/lucacastelli.com\/de\/wp-json\/wp\/v2\/product_cat?post=464159"},{"taxonomy":"product_tag","embeddable":true,"href":"https:\/\/lucacastelli.com\/de\/wp-json\/wp\/v2\/product_tag?post=464159"}],"curies":[{"name":"wp","href":"https:\/\/api.w.org\/{rel}","templated":true}]}}