{"id":464154,"date":"2025-05-31T21:59:18","date_gmt":"2025-05-31T19:59:18","guid":{"rendered":"https:\/\/lucacastelli.com\/prodotto\/akku-box-m\/"},"modified":"2025-10-30T14:16:26","modified_gmt":"2025-10-30T13:16:26","slug":"akku-box-m","status":"publish","type":"product","link":"https:\/\/lucacastelli.com\/de\/produkt\/akku-box-m\/","title":{"rendered":"STIHL Akku-Box M"},"content":{"rendered":"<p>pF\u00fcr die sichere Aufbewahrung und den Transport von Batterien, Ladeger\u00e4ten und anderem Zubeh\u00f6r. Die Boxen sind stapelbar und Sie k\u00f6nnen auf eine Box zugreifen, auch wenn sie gestapelt ist. Die STIHL Batteriebeh\u00e4lter des Systainer-Systems sind perfekt auf das bott vario System abgestimmt und lassen sich flexibel 795711984465 integrieren.<\/p>\n","protected":false},"excerpt":{"rendered":"<p>pF\u00fcr die sichere Aufbewahrung und den Transport von Batterien, Ladeger\u00e4ten und anderem Zubeh\u00f6r. Die Boxen sind stapelbar und Sie k\u00f6nnen<\/p>\n","protected":false},"featured_media":424848,"template":"","meta":{"_seopress_robots_primary_cat":"","_seopress_titles_title":"","_seopress_titles_desc":"","_seopress_robots_index":""},"product_brand":[3554],"product_cat":[1449,169],"product_tag":[3266],"class_list":{"0":"post-464154","1":"product","2":"type-product","3":"status-publish","4":"has-post-thumbnail","6":"product_brand-stihl-de","7":"product_cat-batteriesysteme-zubehor","8":"product_cat-maschinen","9":"product_tag-import-stihl-de","10":"sws-gruppo-macchinari","11":"sws-conto-ricavi-merci-rivendita-macchinari","12":"sws-gruppo-iva-iva81","14":"first","15":"onbackorder","16":"purchasable","17":"product-type-simple"},"_links":{"self":[{"href":"https:\/\/lucacastelli.com\/de\/wp-json\/wp\/v2\/product\/464154","targetHints":{"allow":["GET"]}}],"collection":[{"href":"https:\/\/lucacastelli.com\/de\/wp-json\/wp\/v2\/product"}],"about":[{"href":"https:\/\/lucacastelli.com\/de\/wp-json\/wp\/v2\/types\/product"}],"wp:featuredmedia":[{"embeddable":true,"href":"https:\/\/lucacastelli.com\/de\/wp-json\/wp\/v2\/media\/424848"}],"wp:attachment":[{"href":"https:\/\/lucacastelli.com\/de\/wp-json\/wp\/v2\/media?parent=464154"}],"wp:term":[{"taxonomy":"product_brand","embeddable":true,"href":"https:\/\/lucacastelli.com\/de\/wp-json\/wp\/v2\/product_brand?post=464154"},{"taxonomy":"product_cat","embeddable":true,"href":"https:\/\/lucacastelli.com\/de\/wp-json\/wp\/v2\/product_cat?post=464154"},{"taxonomy":"product_tag","embeddable":true,"href":"https:\/\/lucacastelli.com\/de\/wp-json\/wp\/v2\/product_tag?post=464154"}],"curies":[{"name":"wp","href":"https:\/\/api.w.org\/{rel}","templated":true}]}}