{"id":464149,"date":"2025-05-31T22:14:40","date_gmt":"2025-05-31T20:14:40","guid":{"rendered":"https:\/\/lucacastelli.com\/prodotto\/cr-6-ladegeraet-halterung\/"},"modified":"2025-06-29T13:44:56","modified_gmt":"2025-06-29T11:44:56","slug":"cr-6-ladegeraet-halterung","status":"publish","type":"product","link":"https:\/\/lucacastelli.com\/de\/produkt\/cr-6-ladegeraet-halterung\/","title":{"rendered":"STIHL CR 6 Ladeger\u00e4t Halterung"},"content":{"rendered":"<p>Die Akkuladeger\u00e4thalterung STIHL CR 6 ist ein praktisches Zubeh\u00f6r, das sich z.B. f\u00fcr Profis im Garten- und Landschaftsbau, Stadtwerke und Instandhaltungsdienste eignet. Er erm\u00f6glicht den Anschluss und die geordnete Lagerung von bis zu 8 STIHL Standard-Ladeger\u00e4ten oder bis zu 6 STIHL Schnellladeger\u00e4ten, zum Beispiel an einer geeigneten Wand in Ihrer Werkstatt. In Kombination mit den STIHL AL 100 und STIHL AL 101 sowie den Schnellladeger\u00e4ten STIHL AL 300, STIHL AL 301, STIHL AL 500 und STIHL AL 501 k\u00f6nnen Sie an der Ladehalterung CR 6 mehrere Akkus der Systeme STIHL AK, STIHL AP und STIHL AR gleichzeitig laden.\/ppDie Nutzung und Installation sind einfach:  Nachdem Sie Ihre Ladeger\u00e4te an der Wandhalterung befestigt haben, befestigen Sie die CR 6-Ladeger\u00e4thalterung an der Wand. Alternativ, zum Beispiel durch die Verwendung von 2 CR 6 Ladehalterungen, k\u00f6nnen Sie diese \u00fcber das STIHL CM 12 Lademanagementsystem verwalten. Dies ist besonders vorteilhaft, da damit bis zu 12 Schnellladeger\u00e4te an eine einzige Steckdose angeschlossen werden k\u00f6nnen.\/ppDie Ladehalterung CR 6 ist kompatibel mit folgenden STIHL Ladeger\u00e4ten:\/pulliAL 100, bis 1,7 A Ladestrom, Gewicht 0,7 kg\/liliAL 101 (Art.-Nr. 48504302520), bis 1,7 A Ladestrom, Gewicht 0,7 kg\/liliAL 300 (Art.-Nr. 48504305500),  bis zu 6,5 A Ladestrom, Gewicht 1,2 kg\/lilistrongAL 301\/strongnbsp; (Art.-Nr. EA094305500), bis 6,5 A Ladestrom, Gewicht 1,2 kg\/liliAL 500 (Art.-Nr. 48504305700), bis 12 A Ladestrom, Gewicht 1,3 kg\/lilistrongAL 501\/strong, bis 12 A Ladestrom, Gewicht 1,3 kg\/li\/ul<br \/>\n886661608225<\/p>\n","protected":false},"excerpt":{"rendered":"<p>Die Akkuladeger\u00e4thalterung STIHL CR 6 ist ein praktisches Zubeh\u00f6r, das sich z.B. f\u00fcr Profis im Garten- und Landschaftsbau, Stadtwerke und<\/p>\n","protected":false},"featured_media":437043,"template":"","meta":{"_seopress_robots_primary_cat":"none","_seopress_titles_title":"","_seopress_titles_desc":"","_seopress_robots_index":""},"product_brand":[3366],"product_cat":[29,491],"product_tag":[3265],"class_list":{"0":"post-464149","1":"product","2":"type-product","3":"status-publish","4":"has-post-thumbnail","6":"product_brand-stihl","7":"product_cat-macchinari","8":"product_cat-accessori-sistemi-a-batteria","9":"product_tag-import-stihl","10":"sws-gruppo-macchinari-de","11":"sws-conto-ricavi-merci-rivendita-macchinari-de","12":"sws-gruppo-iva-iva81-de","14":"first","15":"onbackorder","16":"purchasable","17":"product-type-simple"},"_links":{"self":[{"href":"https:\/\/lucacastelli.com\/de\/wp-json\/wp\/v2\/product\/464149","targetHints":{"allow":["GET"]}}],"collection":[{"href":"https:\/\/lucacastelli.com\/de\/wp-json\/wp\/v2\/product"}],"about":[{"href":"https:\/\/lucacastelli.com\/de\/wp-json\/wp\/v2\/types\/product"}],"wp:featuredmedia":[{"embeddable":true,"href":"https:\/\/lucacastelli.com\/de\/wp-json\/wp\/v2\/media\/437043"}],"wp:attachment":[{"href":"https:\/\/lucacastelli.com\/de\/wp-json\/wp\/v2\/media?parent=464149"}],"wp:term":[{"taxonomy":"product_brand","embeddable":true,"href":"https:\/\/lucacastelli.com\/de\/wp-json\/wp\/v2\/product_brand?post=464149"},{"taxonomy":"product_cat","embeddable":true,"href":"https:\/\/lucacastelli.com\/de\/wp-json\/wp\/v2\/product_cat?post=464149"},{"taxonomy":"product_tag","embeddable":true,"href":"https:\/\/lucacastelli.com\/de\/wp-json\/wp\/v2\/product_tag?post=464149"}],"curies":[{"name":"wp","href":"https:\/\/api.w.org\/{rel}","templated":true}]}}