{"id":464140,"date":"2025-05-31T22:32:58","date_gmt":"2025-05-31T20:32:58","guid":{"rendered":"https:\/\/lucacastelli.com\/prodotto\/bga-50-mit-ak-20-und-al-101\/"},"modified":"2025-11-15T23:56:06","modified_gmt":"2025-11-15T22:56:06","slug":"bga-50-mit-ak-20-und-al-101","status":"publish","type":"product","link":"https:\/\/lucacastelli.com\/de\/produkt\/bga-50-mit-ak-20-und-al-101\/","title":{"rendered":"BGA 50, mit AK 20 und AL 101"},"content":{"rendered":"<p>Ob Laub, kleine Zweige oder Grasschnitt, mit dem neuen Akku-Gebl\u00e4se STIHL BGA 50 wird die Reinigung von Fl\u00e4chen und Einfahrten rund um Haus und Garten zum Kinderspiel. Dar\u00fcber hinaus bietet dieses ger\u00e4uscharme Ger\u00e4t mit variabler Drehzahlregelung ein hohes Ma\u00df an Flexibilit\u00e4t bei der Reinigung von engen oder verwinkelten Bereichen, z.B. in Garagen oder unter den Sitzen von Gartenm\u00f6beln; Mit der maximalen Blasleistung von bis zu 11 Newton k\u00f6nnen Sie auch gr\u00f6\u00dfere Fl\u00e4chen schnell von Laub und Schmutz befreien. Da die Blasleistung flexibel an unterschiedliche Bedingungen angepasst werden kann, wird es auf Schotterstra\u00dfen nur m\u00f6glich sein, Laub zu blasen, ohne den Schotter zu bewegen. Die f\u00fcr den Betrieb des Ger\u00e4tes ben\u00f6tigte Energie liefert ein 36 V Lithium-Ionen-Akku STIHL AK-System. Dieses modulare Akku-System deckt ein breites Spektrum an Werkzeugen ab, die f\u00fcr die unterschiedlichsten Anwendungen ausgelegt sind, sowie Ladeger\u00e4te und Akkus mit unterschiedlichen Energieinhalten. Dies ist praktisch, wenn Sie mehrere Werkzeuge haben, mit denen Sie denselben Akku und dasselbe Ladeger\u00e4t verwenden k\u00f6nnen. F\u00fcr den BGA 50 empfiehlt sich der AK 20, der in das im Geh\u00e4use integrierte Akkufach eingesetzt werden muss und somit zur hervorragenden Balance des Werkzeugs beitr\u00e4gt. In Kombination mit dem geringen Gewicht von nur 3,4 kg inklusive Akku sorgt er f\u00fcr einen bequemen Griff des Gebl\u00e4ses und erm\u00f6glicht ein komfortables Man\u00f6vrieren des Werkzeugs auch \u00fcber l\u00e4ngere Zeitr\u00e4ume ohne Erm\u00fcdung. Das Blasrohr kann ohne Werkzeug schnell und einfach entnommen werden, um das Werkzeug auf kleinem Raum zu verstauen.<br \/>\n886661422142<\/p>\n<p>Nennspannung 36<br \/>\nBatteriesystem Batteriesystem<\/p>\n<p>Empfohlener Akku Empfohlener<br \/>\nAkku Ger\u00e4tegewicht 2,2<br \/>\nIP-Schutzart N\/A<\/p>\n","protected":false},"excerpt":{"rendered":"<p>BGA 50, mit AK 20 und AL 101<\/p>\n","protected":false},"featured_media":422721,"template":"","meta":{"_seopress_robots_primary_cat":"","_seopress_titles_title":"","_seopress_titles_desc":"","_seopress_robots_index":""},"product_brand":[3366],"product_cat":[29,485,489],"product_tag":[3265],"class_list":{"0":"post-464140","1":"product","2":"type-product","3":"status-publish","4":"has-post-thumbnail","6":"product_brand-stihl","7":"product_cat-macchinari","8":"product_cat-soffiatori-e-aspiratori","9":"product_cat-soffiatori-a-batteria","10":"product_tag-import-stihl","11":"sws-gruppo-macchinari-de","12":"sws-conto-ricavi-merci-rivendita-macchinari-de","13":"sws-gruppo-iva-iva81-de","15":"first","16":"onbackorder","17":"purchasable","18":"product-type-simple"},"_links":{"self":[{"href":"https:\/\/lucacastelli.com\/de\/wp-json\/wp\/v2\/product\/464140","targetHints":{"allow":["GET"]}}],"collection":[{"href":"https:\/\/lucacastelli.com\/de\/wp-json\/wp\/v2\/product"}],"about":[{"href":"https:\/\/lucacastelli.com\/de\/wp-json\/wp\/v2\/types\/product"}],"wp:featuredmedia":[{"embeddable":true,"href":"https:\/\/lucacastelli.com\/de\/wp-json\/wp\/v2\/media\/422721"}],"wp:attachment":[{"href":"https:\/\/lucacastelli.com\/de\/wp-json\/wp\/v2\/media?parent=464140"}],"wp:term":[{"taxonomy":"product_brand","embeddable":true,"href":"https:\/\/lucacastelli.com\/de\/wp-json\/wp\/v2\/product_brand?post=464140"},{"taxonomy":"product_cat","embeddable":true,"href":"https:\/\/lucacastelli.com\/de\/wp-json\/wp\/v2\/product_cat?post=464140"},{"taxonomy":"product_tag","embeddable":true,"href":"https:\/\/lucacastelli.com\/de\/wp-json\/wp\/v2\/product_tag?post=464140"}],"curies":[{"name":"wp","href":"https:\/\/api.w.org\/{rel}","templated":true}]}}