{"id":464137,"date":"2025-05-31T22:33:28","date_gmt":"2025-05-31T20:33:28","guid":{"rendered":"https:\/\/lucacastelli.com\/prodotto\/ap-500-s-akkumulator\/"},"modified":"2026-04-14T10:07:04","modified_gmt":"2026-04-14T08:07:04","slug":"ap-500-s-akkumulator","status":"publish","type":"product","link":"https:\/\/lucacastelli.com\/de\/produkt\/ap-500-s-akkumulator\/","title":{"rendered":"STIHL AP 500 S"},"content":{"rendered":"<p>Unser neuer AP 500 S ist nicht nur der leistungsst\u00e4rkste AP-Akku von STIHL, sondern \u00fcberzeugt auch mit der doppelten Lebensdauer und der doppelten Anzahl m\u00f6glicher Ladezyklen im Vergleich zum bisher leistungsst\u00e4rksten AP 300 S. Er verf\u00fcgt \u00fcber eine integrierte Bluetooth\u00ae-Schnittstelle und kann, genau wie unsere R\u00fcckentrageakkus AR L, in das STIHL connected System eingebunden und wie ein Ger\u00e4t verwaltet werden.<br \/>\n886661754502 <\/p>\n<p>Nennspannung 36,0<br \/>\nAkkuzellentechnologie Akkuzellentechnologie<\/p>\n<p>Akkugewicht Akkugewicht<br \/>\nEnergieinhalt 337,00<br \/>\nNennkapazit\u00e4t nach IEC 61960 8,80<\/p>\n","protected":false},"excerpt":{"rendered":"<p>AP 500 S Akku<\/p>\n","protected":false},"featured_media":422770,"template":"","meta":{"_seopress_robots_primary_cat":"none","_seopress_titles_title":"","_seopress_titles_desc":"","_seopress_robots_index":""},"product_brand":[3366],"product_cat":[29,491],"product_tag":[3265],"class_list":{"0":"post-464137","1":"product","2":"type-product","3":"status-publish","4":"has-post-thumbnail","6":"product_brand-stihl","7":"product_cat-macchinari","8":"product_cat-accessori-sistemi-a-batteria","9":"product_tag-import-stihl","10":"sws-gruppo-macchinari-de","11":"sws-conto-ricavi-merci-rivendita-macchinari-de","12":"sws-gruppo-iva-iva81-de","14":"first","15":"instock","16":"purchasable","17":"product-type-simple"},"_links":{"self":[{"href":"https:\/\/lucacastelli.com\/de\/wp-json\/wp\/v2\/product\/464137","targetHints":{"allow":["GET"]}}],"collection":[{"href":"https:\/\/lucacastelli.com\/de\/wp-json\/wp\/v2\/product"}],"about":[{"href":"https:\/\/lucacastelli.com\/de\/wp-json\/wp\/v2\/types\/product"}],"wp:featuredmedia":[{"embeddable":true,"href":"https:\/\/lucacastelli.com\/de\/wp-json\/wp\/v2\/media\/422770"}],"wp:attachment":[{"href":"https:\/\/lucacastelli.com\/de\/wp-json\/wp\/v2\/media?parent=464137"}],"wp:term":[{"taxonomy":"product_brand","embeddable":true,"href":"https:\/\/lucacastelli.com\/de\/wp-json\/wp\/v2\/product_brand?post=464137"},{"taxonomy":"product_cat","embeddable":true,"href":"https:\/\/lucacastelli.com\/de\/wp-json\/wp\/v2\/product_cat?post=464137"},{"taxonomy":"product_tag","embeddable":true,"href":"https:\/\/lucacastelli.com\/de\/wp-json\/wp\/v2\/product_tag?post=464137"}],"curies":[{"name":"wp","href":"https:\/\/api.w.org\/{rel}","templated":true}]}}