{"id":464135,"date":"2025-05-31T22:31:18","date_gmt":"2025-05-31T20:31:18","guid":{"rendered":"https:\/\/lucacastelli.com\/prodotto\/kasten-fuer-akku-t-l\/"},"modified":"2025-06-29T13:35:52","modified_gmt":"2025-06-29T11:35:52","slug":"kasten-fuer-akku-t-l","status":"publish","type":"product","link":"https:\/\/lucacastelli.com\/de\/produkt\/kasten-fuer-akku-t-l\/","title":{"rendered":"STIHL Kasten f\u00fcr Akku t. L"},"content":{"rendered":"<p>F\u00fcr den sicheren Transport mit begrenztem Platz f\u00fcr Akku und Ladeger\u00e4te. Kompatibel mit den Fahrzeugsystemen Sortimo L-BOXXen und Sortimo Globelyst. Mit rutschfester Matte. Zur Aufbewahrung von Zubeh\u00f6r, wie z. B. AP-Akkus und AR-Ladeger\u00e4ten.<br \/>\n886661023912   <\/p>\n","protected":false},"excerpt":{"rendered":"<p>Kasten f\u00fcr Akku t. L <\/p>\n","protected":false},"featured_media":422392,"template":"","meta":{"_seopress_robots_primary_cat":"","_seopress_titles_title":"","_seopress_titles_desc":"","_seopress_robots_index":""},"product_brand":[3554],"product_cat":[1449,169],"product_tag":[3266],"class_list":{"0":"post-464135","1":"product","2":"type-product","3":"status-publish","4":"has-post-thumbnail","6":"product_brand-stihl-de","7":"product_cat-batteriesysteme-zubehor","8":"product_cat-maschinen","9":"product_tag-import-stihl-de","10":"sws-gruppo-macchinari-de","11":"sws-conto-ricavi-merci-rivendita-macchinari-de","12":"sws-gruppo-iva-iva81-de","14":"first","15":"onbackorder","16":"purchasable","17":"product-type-simple"},"_links":{"self":[{"href":"https:\/\/lucacastelli.com\/de\/wp-json\/wp\/v2\/product\/464135","targetHints":{"allow":["GET"]}}],"collection":[{"href":"https:\/\/lucacastelli.com\/de\/wp-json\/wp\/v2\/product"}],"about":[{"href":"https:\/\/lucacastelli.com\/de\/wp-json\/wp\/v2\/types\/product"}],"wp:featuredmedia":[{"embeddable":true,"href":"https:\/\/lucacastelli.com\/de\/wp-json\/wp\/v2\/media\/422392"}],"wp:attachment":[{"href":"https:\/\/lucacastelli.com\/de\/wp-json\/wp\/v2\/media?parent=464135"}],"wp:term":[{"taxonomy":"product_brand","embeddable":true,"href":"https:\/\/lucacastelli.com\/de\/wp-json\/wp\/v2\/product_brand?post=464135"},{"taxonomy":"product_cat","embeddable":true,"href":"https:\/\/lucacastelli.com\/de\/wp-json\/wp\/v2\/product_cat?post=464135"},{"taxonomy":"product_tag","embeddable":true,"href":"https:\/\/lucacastelli.com\/de\/wp-json\/wp\/v2\/product_tag?post=464135"}],"curies":[{"name":"wp","href":"https:\/\/api.w.org\/{rel}","templated":true}]}}