{"id":464122,"date":"2025-05-31T22:59:50","date_gmt":"2025-05-31T20:59:50","guid":{"rendered":"https:\/\/lucacastelli.com\/prodotto\/bis-501\/"},"modified":"2026-04-12T08:27:43","modified_gmt":"2026-04-12T06:27:43","slug":"bis-501","status":"publish","type":"product","link":"https:\/\/lucacastelli.com\/de\/produkt\/bis-501\/","title":{"rendered":"STIHL AL 501"},"content":{"rendered":"<p>pF\u00fcr STIHL AK-, AP- und AR-Akkus. Vorrichtung an der Geh\u00e4useunterseite zur Wandbefestigung und Kabelaufwicklung. Verf\u00fcgt \u00fcber LED-Betriebszustandsanzeigen und aktive Akk\u00fchlung.\/p<br \/>\n886661616732<\/p>\n<p>Nennspannung 230<br \/>\nNennstrom Nennstrom<\/p>\n<p>Leistungsaufnahme Leistungsaufnahme<br \/>\nGer\u00e4tegewicht 1,3<br \/>\nLadestrom 12,00<\/p>\n","protected":false},"excerpt":{"rendered":"<p>AL 501<\/p>\n","protected":false},"featured_media":424001,"template":"","meta":{"_seopress_robots_primary_cat":"none","_seopress_titles_title":"","_seopress_titles_desc":"","_seopress_robots_index":""},"product_brand":[3366],"product_cat":[29,491],"product_tag":[3265],"class_list":{"0":"post-464122","1":"product","2":"type-product","3":"status-publish","4":"has-post-thumbnail","6":"product_brand-stihl","7":"product_cat-macchinari","8":"product_cat-accessori-sistemi-a-batteria","9":"product_tag-import-stihl","10":"sws-gruppo-macchinari-de","11":"sws-conto-ricavi-merci-rivendita-macchinari-de","12":"sws-gruppo-iva-iva81-de","14":"first","15":"onbackorder","16":"purchasable","17":"product-type-simple"},"_links":{"self":[{"href":"https:\/\/lucacastelli.com\/de\/wp-json\/wp\/v2\/product\/464122","targetHints":{"allow":["GET"]}}],"collection":[{"href":"https:\/\/lucacastelli.com\/de\/wp-json\/wp\/v2\/product"}],"about":[{"href":"https:\/\/lucacastelli.com\/de\/wp-json\/wp\/v2\/types\/product"}],"wp:featuredmedia":[{"embeddable":true,"href":"https:\/\/lucacastelli.com\/de\/wp-json\/wp\/v2\/media\/424001"}],"wp:attachment":[{"href":"https:\/\/lucacastelli.com\/de\/wp-json\/wp\/v2\/media?parent=464122"}],"wp:term":[{"taxonomy":"product_brand","embeddable":true,"href":"https:\/\/lucacastelli.com\/de\/wp-json\/wp\/v2\/product_brand?post=464122"},{"taxonomy":"product_cat","embeddable":true,"href":"https:\/\/lucacastelli.com\/de\/wp-json\/wp\/v2\/product_cat?post=464122"},{"taxonomy":"product_tag","embeddable":true,"href":"https:\/\/lucacastelli.com\/de\/wp-json\/wp\/v2\/product_tag?post=464122"}],"curies":[{"name":"wp","href":"https:\/\/api.w.org\/{rel}","templated":true}]}}